{"id":2764,"date":"2025-11-24T16:37:47","date_gmt":"2025-11-24T13:37:47","guid":{"rendered":"https:\/\/kubraselegance.com\/?post_type=product&#038;p=2764"},"modified":"2025-11-24T16:40:25","modified_gmt":"2025-11-24T13:40:25","slug":"uppsattning-av-2-delar-2","status":"publish","type":"product","link":"https:\/\/kubraselegance.com\/sv\/urun\/uppsattning-av-2-delar-2\/","title":{"rendered":"upps\u00e4ttning av 2 delar"},"content":{"rendered":"<p>Detaljer<\/p>\n<p>L\u00e5ng kl\u00e4nning i tv\u00e5 delar<\/p>\n<p>Huva<\/p>\n<p>Ficka framtill<br \/>\nMjukt tyg av h\u00f6g kvalitet<\/p>\n<p>Idealisk f\u00f6r vardagsbruk och speciella tillf\u00e4llen<\/p>\n<p>Bekv\u00e4m<\/p>\n<p>.f\u00e4rg,svart,marinbl\u00e5<\/p>","protected":false},"excerpt":{"rendered":"<p>Detaljer Maxikl\u00e4nning i tv\u00e5 delar Ficka med huva fram Mjukt kvalitetstyg Perfekt f\u00f6r vardagsbruk och speciella tillf\u00e4llen Bekv\u00e4m .f\u00e4rg,svart,marinbl\u00e5<\/p>","protected":false},"featured_media":2773,"comment_status":"open","ping_status":"closed","template":"","meta":[],"product_brand":[],"product_cat":[44],"product_tag":[],"class_list":{"0":"post-2764","1":"product","2":"type-product","3":"status-publish","4":"has-post-thumbnail","6":"product_cat-women","8":"first","9":"instock","10":"taxable","11":"shipping-taxable","12":"purchasable","13":"product-type-variable"},"_links":{"self":[{"href":"https:\/\/kubraselegance.com\/sv\/wp-json\/wp\/v2\/product\/2764","targetHints":{"allow":["GET"]}}],"collection":[{"href":"https:\/\/kubraselegance.com\/sv\/wp-json\/wp\/v2\/product"}],"about":[{"href":"https:\/\/kubraselegance.com\/sv\/wp-json\/wp\/v2\/types\/product"}],"replies":[{"embeddable":true,"href":"https:\/\/kubraselegance.com\/sv\/wp-json\/wp\/v2\/comments?post=2764"}],"wp:featuredmedia":[{"embeddable":true,"href":"https:\/\/kubraselegance.com\/sv\/wp-json\/wp\/v2\/media\/2773"}],"wp:attachment":[{"href":"https:\/\/kubraselegance.com\/sv\/wp-json\/wp\/v2\/media?parent=2764"}],"wp:term":[{"taxonomy":"product_brand","embeddable":true,"href":"https:\/\/kubraselegance.com\/sv\/wp-json\/wp\/v2\/product_brand?post=2764"},{"taxonomy":"product_cat","embeddable":true,"href":"https:\/\/kubraselegance.com\/sv\/wp-json\/wp\/v2\/product_cat?post=2764"},{"taxonomy":"product_tag","embeddable":true,"href":"https:\/\/kubraselegance.com\/sv\/wp-json\/wp\/v2\/product_tag?post=2764"}],"curies":[{"name":"wp","href":"https:\/\/api.w.org\/{rel}","templated":true}]}}