{"id":2743,"date":"2025-11-24T04:21:27","date_gmt":"2025-11-24T01:21:27","guid":{"rendered":"https:\/\/kubraselegance.com\/?post_type=product&#038;p=2743"},"modified":"2025-11-24T04:21:28","modified_gmt":"2025-11-24T01:21:28","slug":"lang-cape-med-huva","status":"publish","type":"product","link":"https:\/\/kubraselegance.com\/sv\/urun\/lang-cape-med-huva\/","title":{"rendered":"l\u00e5ng cape med huva"},"content":{"rendered":"<p>Detaljer<\/p>\n<p>L\u00e5ng cape med huva<br \/>\nFickor<br \/>\nSlimmad detalj i midjan<br \/>\nL\u00f6s passform<br \/>\nL\u00e4ttviktigt tyg<\/p>\n<p>f\u00e4rg, svart, ljusbrun<\/p>","protected":false},"excerpt":{"rendered":"<p>Detaljer L\u00e5ng cape med huva Fickor Slimmad detalj i midjan L\u00f6s passform L\u00e4ttviktsmaterial F\u00e4rg, svart, ljusbrun<\/p>","protected":false},"featured_media":2579,"comment_status":"open","ping_status":"closed","template":"","meta":[],"product_brand":[],"product_cat":[15],"product_tag":[],"class_list":{"0":"post-2743","1":"product","2":"type-product","3":"status-publish","4":"has-post-thumbnail","6":"product_cat-tous-les-produits","8":"first","9":"instock","10":"taxable","11":"shipping-taxable","12":"purchasable","13":"product-type-variable"},"_links":{"self":[{"href":"https:\/\/kubraselegance.com\/sv\/wp-json\/wp\/v2\/product\/2743","targetHints":{"allow":["GET"]}}],"collection":[{"href":"https:\/\/kubraselegance.com\/sv\/wp-json\/wp\/v2\/product"}],"about":[{"href":"https:\/\/kubraselegance.com\/sv\/wp-json\/wp\/v2\/types\/product"}],"replies":[{"embeddable":true,"href":"https:\/\/kubraselegance.com\/sv\/wp-json\/wp\/v2\/comments?post=2743"}],"wp:featuredmedia":[{"embeddable":true,"href":"https:\/\/kubraselegance.com\/sv\/wp-json\/wp\/v2\/media\/2579"}],"wp:attachment":[{"href":"https:\/\/kubraselegance.com\/sv\/wp-json\/wp\/v2\/media?parent=2743"}],"wp:term":[{"taxonomy":"product_brand","embeddable":true,"href":"https:\/\/kubraselegance.com\/sv\/wp-json\/wp\/v2\/product_brand?post=2743"},{"taxonomy":"product_cat","embeddable":true,"href":"https:\/\/kubraselegance.com\/sv\/wp-json\/wp\/v2\/product_cat?post=2743"},{"taxonomy":"product_tag","embeddable":true,"href":"https:\/\/kubraselegance.com\/sv\/wp-json\/wp\/v2\/product_tag?post=2743"}],"curies":[{"name":"wp","href":"https:\/\/api.w.org\/{rel}","templated":true}]}}