{"id":2737,"date":"2025-11-24T04:04:36","date_gmt":"2025-11-24T01:04:36","guid":{"rendered":"https:\/\/kubraselegance.com\/?post_type=product&#038;p=2737"},"modified":"2025-11-24T04:04:36","modified_gmt":"2025-11-24T01:04:36","slug":"lang-trenchcoat","status":"publish","type":"product","link":"https:\/\/kubraselegance.com\/sv\/urun\/lang-trenchcoat\/","title":{"rendered":"l\u00e5ng trenchcoat"},"content":{"rendered":"<p>Detaljer<\/p>\n<p>Enf\u00e4rgad trenchcoat<br \/>\nVattent\u00e4tt tyg<br \/>\nH\u00f6gkvalitativt tyg<br \/>\nFickor<br \/>\nVida, elastiska \u00e4rmar<br \/>\nL\u00e4mplig f\u00f6r vardagsbruk och speciella tillf\u00e4llen<\/p>\n<p>f\u00e4rg,gr\u00e4dde,marinbl\u00e5,ljusbrun<\/p>","protected":false},"excerpt":{"rendered":"<p>Detaljer Enf\u00e4rgad trenchcoat Vattent\u00e4tt tyg H\u00f6gkvalitativt tyg Fickor Vida, elastiska \u00e4rmar L\u00e4mplig f\u00f6r vardagsbruk och speciella tillf\u00e4llen F\u00e4rg,kr\u00e4m,marinbl\u00e5,ljusbrun<\/p>","protected":false},"featured_media":2741,"comment_status":"open","ping_status":"closed","template":"","meta":[],"product_brand":[],"product_cat":[44],"product_tag":[],"class_list":{"0":"post-2737","1":"product","2":"type-product","3":"status-publish","4":"has-post-thumbnail","6":"product_cat-women","8":"first","9":"instock","10":"taxable","11":"shipping-taxable","12":"purchasable","13":"product-type-variable"},"_links":{"self":[{"href":"https:\/\/kubraselegance.com\/sv\/wp-json\/wp\/v2\/product\/2737","targetHints":{"allow":["GET"]}}],"collection":[{"href":"https:\/\/kubraselegance.com\/sv\/wp-json\/wp\/v2\/product"}],"about":[{"href":"https:\/\/kubraselegance.com\/sv\/wp-json\/wp\/v2\/types\/product"}],"replies":[{"embeddable":true,"href":"https:\/\/kubraselegance.com\/sv\/wp-json\/wp\/v2\/comments?post=2737"}],"wp:featuredmedia":[{"embeddable":true,"href":"https:\/\/kubraselegance.com\/sv\/wp-json\/wp\/v2\/media\/2741"}],"wp:attachment":[{"href":"https:\/\/kubraselegance.com\/sv\/wp-json\/wp\/v2\/media?parent=2737"}],"wp:term":[{"taxonomy":"product_brand","embeddable":true,"href":"https:\/\/kubraselegance.com\/sv\/wp-json\/wp\/v2\/product_brand?post=2737"},{"taxonomy":"product_cat","embeddable":true,"href":"https:\/\/kubraselegance.com\/sv\/wp-json\/wp\/v2\/product_cat?post=2737"},{"taxonomy":"product_tag","embeddable":true,"href":"https:\/\/kubraselegance.com\/sv\/wp-json\/wp\/v2\/product_tag?post=2737"}],"curies":[{"name":"wp","href":"https:\/\/api.w.org\/{rel}","templated":true}]}}