{"id":2675,"date":"2025-11-24T02:39:38","date_gmt":"2025-11-23T23:39:38","guid":{"rendered":"https:\/\/kubraselegance.com\/?post_type=product&#038;p=2675"},"modified":"2025-11-24T02:39:52","modified_gmt":"2025-11-23T23:39:52","slug":"elegant-poncho","status":"publish","type":"product","link":"https:\/\/kubraselegance.com\/sv\/urun\/elegant-poncho\/","title":{"rendered":"elegant poncho"},"content":{"rendered":"<p>Detaljer<\/p>\n<p>Denna poncho \u00e4r mycket elegant.<\/p>\n<p>Tyget \u00e4r av h\u00f6g kvalitet.<\/p>\n<p>B\u00e4ltet i midjan ger en touch av elegans.<\/p>\n<p>.marmorerad f\u00e4rg, svart, ljusbrun, ljusgr\u00e5.<\/p>","protected":false},"excerpt":{"rendered":"<p>Detaljer Denna poncho \u00e4r mycket elegant. Tyget \u00e4r av h\u00f6g kvalitet. B\u00e4ltet i midjan ger en touch av elegans. .marmorerad f\u00e4rg, svart, ljusbrun, ljusgr\u00e5.<\/p>","protected":false},"featured_media":2595,"comment_status":"open","ping_status":"closed","template":"","meta":[],"product_brand":[],"product_cat":[15],"product_tag":[],"class_list":{"0":"post-2675","1":"product","2":"type-product","3":"status-publish","4":"has-post-thumbnail","6":"product_cat-tous-les-produits","8":"first","9":"instock","10":"taxable","11":"shipping-taxable","12":"purchasable","13":"product-type-variable"},"_links":{"self":[{"href":"https:\/\/kubraselegance.com\/sv\/wp-json\/wp\/v2\/product\/2675","targetHints":{"allow":["GET"]}}],"collection":[{"href":"https:\/\/kubraselegance.com\/sv\/wp-json\/wp\/v2\/product"}],"about":[{"href":"https:\/\/kubraselegance.com\/sv\/wp-json\/wp\/v2\/types\/product"}],"replies":[{"embeddable":true,"href":"https:\/\/kubraselegance.com\/sv\/wp-json\/wp\/v2\/comments?post=2675"}],"wp:featuredmedia":[{"embeddable":true,"href":"https:\/\/kubraselegance.com\/sv\/wp-json\/wp\/v2\/media\/2595"}],"wp:attachment":[{"href":"https:\/\/kubraselegance.com\/sv\/wp-json\/wp\/v2\/media?parent=2675"}],"wp:term":[{"taxonomy":"product_brand","embeddable":true,"href":"https:\/\/kubraselegance.com\/sv\/wp-json\/wp\/v2\/product_brand?post=2675"},{"taxonomy":"product_cat","embeddable":true,"href":"https:\/\/kubraselegance.com\/sv\/wp-json\/wp\/v2\/product_cat?post=2675"},{"taxonomy":"product_tag","embeddable":true,"href":"https:\/\/kubraselegance.com\/sv\/wp-json\/wp\/v2\/product_tag?post=2675"}],"curies":[{"name":"wp","href":"https:\/\/api.w.org\/{rel}","templated":true}]}}