{"id":2638,"date":"2025-11-24T01:41:07","date_gmt":"2025-11-23T22:41:07","guid":{"rendered":"https:\/\/kubraselegance.com\/?post_type=product&#038;p=2638"},"modified":"2025-11-24T01:41:08","modified_gmt":"2025-11-23T22:41:08","slug":"lang-cardigan","status":"publish","type":"product","link":"https:\/\/kubraselegance.com\/sv\/urun\/lang-cardigan\/","title":{"rendered":"l\u00e5ng cardigan"},"content":{"rendered":"<p>Detaljer<\/p>\n<p>L\u00e5ng cardigan<br \/>\nH\u00f6gkvalitativt tyg<br \/>\nKnappst\u00e4ngning framtill<br \/>\nPerfekt f\u00f6r h\u00f6st och vinter.<\/p>\n<p>.ljusbrun med svarta r\u00e4nder.<\/p>","protected":false},"excerpt":{"rendered":"<p>Detaljer L\u00e5ng v\u00e4st H\u00f6gkvalitativt tyg Knappst\u00e4ngning fram Idealisk f\u00f6r h\u00f6st och vinter. .ljusbrun f\u00e4rg med svarta r\u00e4nder.<\/p>","protected":false},"featured_media":2546,"comment_status":"open","ping_status":"closed","template":"","meta":[],"product_brand":[],"product_cat":[44],"product_tag":[],"class_list":{"0":"post-2638","1":"product","2":"type-product","3":"status-publish","4":"has-post-thumbnail","6":"product_cat-women","8":"first","9":"instock","10":"taxable","11":"shipping-taxable","12":"purchasable","13":"product-type-variable"},"_links":{"self":[{"href":"https:\/\/kubraselegance.com\/sv\/wp-json\/wp\/v2\/product\/2638","targetHints":{"allow":["GET"]}}],"collection":[{"href":"https:\/\/kubraselegance.com\/sv\/wp-json\/wp\/v2\/product"}],"about":[{"href":"https:\/\/kubraselegance.com\/sv\/wp-json\/wp\/v2\/types\/product"}],"replies":[{"embeddable":true,"href":"https:\/\/kubraselegance.com\/sv\/wp-json\/wp\/v2\/comments?post=2638"}],"wp:featuredmedia":[{"embeddable":true,"href":"https:\/\/kubraselegance.com\/sv\/wp-json\/wp\/v2\/media\/2546"}],"wp:attachment":[{"href":"https:\/\/kubraselegance.com\/sv\/wp-json\/wp\/v2\/media?parent=2638"}],"wp:term":[{"taxonomy":"product_brand","embeddable":true,"href":"https:\/\/kubraselegance.com\/sv\/wp-json\/wp\/v2\/product_brand?post=2638"},{"taxonomy":"product_cat","embeddable":true,"href":"https:\/\/kubraselegance.com\/sv\/wp-json\/wp\/v2\/product_cat?post=2638"},{"taxonomy":"product_tag","embeddable":true,"href":"https:\/\/kubraselegance.com\/sv\/wp-json\/wp\/v2\/product_tag?post=2638"}],"curies":[{"name":"wp","href":"https:\/\/api.w.org\/{rel}","templated":true}]}}