{"id":2630,"date":"2025-11-24T01:21:10","date_gmt":"2025-11-23T22:21:10","guid":{"rendered":"https:\/\/kubraselegance.com\/?post_type=product&#038;p=2630"},"modified":"2025-11-24T01:21:10","modified_gmt":"2025-11-23T22:21:10","slug":"uppsattning-av-2-delar","status":"publish","type":"product","link":"https:\/\/kubraselegance.com\/sv\/urun\/uppsattning-av-2-delar\/","title":{"rendered":"2-delat set"},"content":{"rendered":"<p>Detaljer<\/p>\n<p>Tv\u00e5delat set med kjol och polotr\u00f6ja<\/p>\n<p>Mycket bekv\u00e4m att b\u00e4ra, kjolen har en elastisk linning<\/p>\n<p>Merceriserat tyg<\/p>\n<p>Storlekarna S, M och L<\/p>\n<p>.svart med gr\u00e5 inslag.<\/p>","protected":false},"excerpt":{"rendered":"<p>Detaljer Tv\u00e5delat set best\u00e5ende av kjol och polotr\u00f6ja Mycket bekv\u00e4m att b\u00e4ra, kjolen har res\u00e5r i midjan Merceriserat tyg Storlekar S, M och L .f\u00e4rg svart med gr\u00e5 inslag.<\/p>","protected":false},"featured_media":2541,"comment_status":"open","ping_status":"closed","template":"","meta":[],"product_brand":[],"product_cat":[71,44],"product_tag":[],"class_list":{"0":"post-2630","1":"product","2":"type-product","3":"status-publish","4":"has-post-thumbnail","6":"product_cat-ensemble-deux-pieces","7":"product_cat-women","9":"first","10":"instock","11":"taxable","12":"shipping-taxable","13":"purchasable","14":"product-type-variable"},"_links":{"self":[{"href":"https:\/\/kubraselegance.com\/sv\/wp-json\/wp\/v2\/product\/2630","targetHints":{"allow":["GET"]}}],"collection":[{"href":"https:\/\/kubraselegance.com\/sv\/wp-json\/wp\/v2\/product"}],"about":[{"href":"https:\/\/kubraselegance.com\/sv\/wp-json\/wp\/v2\/types\/product"}],"replies":[{"embeddable":true,"href":"https:\/\/kubraselegance.com\/sv\/wp-json\/wp\/v2\/comments?post=2630"}],"wp:featuredmedia":[{"embeddable":true,"href":"https:\/\/kubraselegance.com\/sv\/wp-json\/wp\/v2\/media\/2541"}],"wp:attachment":[{"href":"https:\/\/kubraselegance.com\/sv\/wp-json\/wp\/v2\/media?parent=2630"}],"wp:term":[{"taxonomy":"product_brand","embeddable":true,"href":"https:\/\/kubraselegance.com\/sv\/wp-json\/wp\/v2\/product_brand?post=2630"},{"taxonomy":"product_cat","embeddable":true,"href":"https:\/\/kubraselegance.com\/sv\/wp-json\/wp\/v2\/product_cat?post=2630"},{"taxonomy":"product_tag","embeddable":true,"href":"https:\/\/kubraselegance.com\/sv\/wp-json\/wp\/v2\/product_tag?post=2630"}],"curies":[{"name":"wp","href":"https:\/\/api.w.org\/{rel}","templated":true}]}}