{"id":2650,"date":"2025-11-24T02:14:00","date_gmt":"2025-11-23T23:14:00","guid":{"rendered":"https:\/\/kubraselegance.com\/?post_type=product&#038;p=2650"},"modified":"2025-11-24T02:14:00","modified_gmt":"2025-11-23T23:14:00","slug":"camisola-elegante-de-gola-redonda-2","status":"publish","type":"product","link":"https:\/\/kubraselegance.com\/pt\/urun\/camisola-elegante-de-gola-redonda-2\/","title":{"rendered":"camisola casual elegante de gola redonda"},"content":{"rendered":"<p>Detalhes<\/p>\n<p>Vestido comprido com gola de camisa e bot\u00f5es decorativos<br \/>\nMangas com punho abotoado<br \/>\nRanhura<\/p>\n<p>Perfeito para uso di\u00e1rio e ocasi\u00f5es especiais<\/p>\n<p>Tecido muito confort\u00e1vel<\/p>\n<p>.cor branca, preta<\/p>","protected":false},"excerpt":{"rendered":"<p>Detalhes Vestido comprido com gola de camisa e bot\u00f5es decorativos Manga abotoada com punho Fenda Perfeito para o dia a dia e ocasi\u00f5es especiais Tecido muito confort\u00e1vel .cor branco, preto<\/p>","protected":false},"featured_media":2549,"comment_status":"open","ping_status":"closed","template":"","meta":[],"product_brand":[],"product_cat":[15],"product_tag":[],"class_list":{"0":"post-2650","1":"product","2":"type-product","3":"status-publish","4":"has-post-thumbnail","6":"product_cat-tous-les-produits","8":"first","9":"instock","10":"taxable","11":"shipping-taxable","12":"purchasable","13":"product-type-variable"},"_links":{"self":[{"href":"https:\/\/kubraselegance.com\/pt\/wp-json\/wp\/v2\/product\/2650","targetHints":{"allow":["GET"]}}],"collection":[{"href":"https:\/\/kubraselegance.com\/pt\/wp-json\/wp\/v2\/product"}],"about":[{"href":"https:\/\/kubraselegance.com\/pt\/wp-json\/wp\/v2\/types\/product"}],"replies":[{"embeddable":true,"href":"https:\/\/kubraselegance.com\/pt\/wp-json\/wp\/v2\/comments?post=2650"}],"wp:featuredmedia":[{"embeddable":true,"href":"https:\/\/kubraselegance.com\/pt\/wp-json\/wp\/v2\/media\/2549"}],"wp:attachment":[{"href":"https:\/\/kubraselegance.com\/pt\/wp-json\/wp\/v2\/media?parent=2650"}],"wp:term":[{"taxonomy":"product_brand","embeddable":true,"href":"https:\/\/kubraselegance.com\/pt\/wp-json\/wp\/v2\/product_brand?post=2650"},{"taxonomy":"product_cat","embeddable":true,"href":"https:\/\/kubraselegance.com\/pt\/wp-json\/wp\/v2\/product_cat?post=2650"},{"taxonomy":"product_tag","embeddable":true,"href":"https:\/\/kubraselegance.com\/pt\/wp-json\/wp\/v2\/product_tag?post=2650"}],"curies":[{"name":"wp","href":"https:\/\/api.w.org\/{rel}","templated":true}]}}