{"id":2644,"date":"2025-11-24T01:55:06","date_gmt":"2025-11-23T22:55:06","guid":{"rendered":"https:\/\/kubraselegance.com\/?post_type=product&#038;p=2644"},"modified":"2025-11-24T01:55:06","modified_gmt":"2025-11-23T22:55:06","slug":"camisola-elegante-de-gola-redonda","status":"publish","type":"product","link":"https:\/\/kubraselegance.com\/pt\/urun\/camisola-elegante-de-gola-redonda\/","title":{"rendered":"camisola casual elegante de gola redonda"},"content":{"rendered":"<p>Detalhes<\/p>\n<p>Tecido macio e confort\u00e1vel, 100 acr\u00edlico %<\/p>\n<p>.cinzento.azul petr\u00f3leo, branco<\/p>","protected":false},"excerpt":{"rendered":"<p>Detalhes Tecido macio e confort\u00e1vel, 100 acr\u00edlico % .cor cinzento.azul petr\u00f3leo, esbranqui\u00e7ado<\/p>","protected":false},"featured_media":2529,"comment_status":"open","ping_status":"closed","template":"","meta":[],"product_brand":[],"product_cat":[15],"product_tag":[],"class_list":{"0":"post-2644","1":"product","2":"type-product","3":"status-publish","4":"has-post-thumbnail","6":"product_cat-tous-les-produits","8":"first","9":"instock","10":"taxable","11":"shipping-taxable","12":"purchasable","13":"product-type-variable"},"_links":{"self":[{"href":"https:\/\/kubraselegance.com\/pt\/wp-json\/wp\/v2\/product\/2644","targetHints":{"allow":["GET"]}}],"collection":[{"href":"https:\/\/kubraselegance.com\/pt\/wp-json\/wp\/v2\/product"}],"about":[{"href":"https:\/\/kubraselegance.com\/pt\/wp-json\/wp\/v2\/types\/product"}],"replies":[{"embeddable":true,"href":"https:\/\/kubraselegance.com\/pt\/wp-json\/wp\/v2\/comments?post=2644"}],"wp:featuredmedia":[{"embeddable":true,"href":"https:\/\/kubraselegance.com\/pt\/wp-json\/wp\/v2\/media\/2529"}],"wp:attachment":[{"href":"https:\/\/kubraselegance.com\/pt\/wp-json\/wp\/v2\/media?parent=2644"}],"wp:term":[{"taxonomy":"product_brand","embeddable":true,"href":"https:\/\/kubraselegance.com\/pt\/wp-json\/wp\/v2\/product_brand?post=2644"},{"taxonomy":"product_cat","embeddable":true,"href":"https:\/\/kubraselegance.com\/pt\/wp-json\/wp\/v2\/product_cat?post=2644"},{"taxonomy":"product_tag","embeddable":true,"href":"https:\/\/kubraselegance.com\/pt\/wp-json\/wp\/v2\/product_tag?post=2644"}],"curies":[{"name":"wp","href":"https:\/\/api.w.org\/{rel}","templated":true}]}}