{"id":2630,"date":"2025-11-24T01:21:10","date_gmt":"2025-11-23T22:21:10","guid":{"rendered":"https:\/\/kubraselegance.com\/?post_type=product&#038;p=2630"},"modified":"2025-11-24T01:21:10","modified_gmt":"2025-11-23T22:21:10","slug":"conjunto-de-2-pecas","status":"publish","type":"product","link":"https:\/\/kubraselegance.com\/pt\/urun\/conjunto-de-2-pecas\/","title":{"rendered":"Conjunto de 2 pe\u00e7as"},"content":{"rendered":"<p>Detalhes<\/p>\n<p>Conjunto de duas pe\u00e7as com saia e camisola de gola alta<\/p>\n<p>Muito confort\u00e1vel de usar, a saia tem uma cintura el\u00e1stica<\/p>\n<p>Tecido mercerizado<\/p>\n<p>Tamanhos S, M e L<\/p>\n<p>.preto com reflexos cinzentos.<\/p>","protected":false},"excerpt":{"rendered":"<p>Conjunto de duas pe\u00e7as composto por saia e gola alta. Muito confort\u00e1vel de usar, a saia tem cintura el\u00e1stica. Tecido mercerizado. Tamanhos S, M e L. Cor preto com reflexos cinzentos.<\/p>","protected":false},"featured_media":2541,"comment_status":"open","ping_status":"closed","template":"","meta":[],"product_brand":[],"product_cat":[71,44],"product_tag":[],"class_list":{"0":"post-2630","1":"product","2":"type-product","3":"status-publish","4":"has-post-thumbnail","6":"product_cat-ensemble-deux-pieces","7":"product_cat-women","9":"first","10":"instock","11":"taxable","12":"shipping-taxable","13":"purchasable","14":"product-type-variable"},"_links":{"self":[{"href":"https:\/\/kubraselegance.com\/pt\/wp-json\/wp\/v2\/product\/2630","targetHints":{"allow":["GET"]}}],"collection":[{"href":"https:\/\/kubraselegance.com\/pt\/wp-json\/wp\/v2\/product"}],"about":[{"href":"https:\/\/kubraselegance.com\/pt\/wp-json\/wp\/v2\/types\/product"}],"replies":[{"embeddable":true,"href":"https:\/\/kubraselegance.com\/pt\/wp-json\/wp\/v2\/comments?post=2630"}],"wp:featuredmedia":[{"embeddable":true,"href":"https:\/\/kubraselegance.com\/pt\/wp-json\/wp\/v2\/media\/2541"}],"wp:attachment":[{"href":"https:\/\/kubraselegance.com\/pt\/wp-json\/wp\/v2\/media?parent=2630"}],"wp:term":[{"taxonomy":"product_brand","embeddable":true,"href":"https:\/\/kubraselegance.com\/pt\/wp-json\/wp\/v2\/product_brand?post=2630"},{"taxonomy":"product_cat","embeddable":true,"href":"https:\/\/kubraselegance.com\/pt\/wp-json\/wp\/v2\/product_cat?post=2630"},{"taxonomy":"product_tag","embeddable":true,"href":"https:\/\/kubraselegance.com\/pt\/wp-json\/wp\/v2\/product_tag?post=2630"}],"curies":[{"name":"wp","href":"https:\/\/api.w.org\/{rel}","templated":true}]}}