{"id":2497,"date":"2025-11-21T22:39:26","date_gmt":"2025-11-21T19:39:26","guid":{"rendered":"https:\/\/kubraselegance.com\/?post_type=product&#038;p=2497"},"modified":"2025-11-21T22:39:26","modified_gmt":"2025-11-21T19:39:26","slug":"iki-takim-2","status":"publish","type":"product","link":"https:\/\/kubraselegance.com\/nl\/urun\/iki-takim-2\/","title":{"rendered":"iki takim"},"content":{"rendered":"<p>Verwijderen:<\/p>\n<p>&nbsp;<\/p>\n<p>L\u00fcks, yumu\u015fak Oysho kuma\u015f<br \/>\nRahat kesimli d\u00fcz pantolon<br \/>\nM\u00fctevaz\u0131, zarif en s\u00fcper rahat<br \/>\nG\u00fcnl\u00fck, i\u015f, seyahat ve g\u00fcnl\u00fck \u015f\u0131kl\u0131k i\u00e7in m\u00fckemmel<\/p>","protected":false},"excerpt":{"rendered":"<p>Details:\nLuxe, zachte Oysho stof\nRechte broek met een comfortabele pasvorm\nBescheiden, elegant en super comfortabel\nPerfect voor casual, werk, reizen en dagelijkse chic<\/p>","protected":false},"featured_media":2477,"comment_status":"open","ping_status":"closed","template":"","meta":[],"product_brand":[],"product_cat":[71],"product_tag":[],"class_list":{"0":"post-2497","1":"product","2":"type-product","3":"status-publish","4":"has-post-thumbnail","6":"product_cat-ensemble-deux-pieces","8":"first","9":"instock","10":"taxable","11":"shipping-taxable","12":"purchasable","13":"product-type-variable"},"_links":{"self":[{"href":"https:\/\/kubraselegance.com\/nl\/wp-json\/wp\/v2\/product\/2497","targetHints":{"allow":["GET"]}}],"collection":[{"href":"https:\/\/kubraselegance.com\/nl\/wp-json\/wp\/v2\/product"}],"about":[{"href":"https:\/\/kubraselegance.com\/nl\/wp-json\/wp\/v2\/types\/product"}],"replies":[{"embeddable":true,"href":"https:\/\/kubraselegance.com\/nl\/wp-json\/wp\/v2\/comments?post=2497"}],"wp:featuredmedia":[{"embeddable":true,"href":"https:\/\/kubraselegance.com\/nl\/wp-json\/wp\/v2\/media\/2477"}],"wp:attachment":[{"href":"https:\/\/kubraselegance.com\/nl\/wp-json\/wp\/v2\/media?parent=2497"}],"wp:term":[{"taxonomy":"product_brand","embeddable":true,"href":"https:\/\/kubraselegance.com\/nl\/wp-json\/wp\/v2\/product_brand?post=2497"},{"taxonomy":"product_cat","embeddable":true,"href":"https:\/\/kubraselegance.com\/nl\/wp-json\/wp\/v2\/product_cat?post=2497"},{"taxonomy":"product_tag","embeddable":true,"href":"https:\/\/kubraselegance.com\/nl\/wp-json\/wp\/v2\/product_tag?post=2497"}],"curies":[{"name":"wp","href":"https:\/\/api.w.org\/{rel}","templated":true}]}}