{"id":2679,"date":"2025-11-24T02:50:21","date_gmt":"2025-11-23T23:50:21","guid":{"rendered":"https:\/\/kubraselegance.com\/?post_type=product&#038;p=2679"},"modified":"2025-11-24T02:50:21","modified_gmt":"2025-11-23T23:50:21","slug":"hoodie-set","status":"publish","type":"product","link":"https:\/\/kubraselegance.com\/lb\/urun\/hoodie-set\/","title":{"rendered":"Hoodie-Set"},"content":{"rendered":"<p>Detailer<\/p>\n<p>Zweedeelegt Kapuzenset<br \/>\nGemaach aus Oysho Modal Stoff<br \/>\nGanz bequem<br \/>\nKapuze mat S\u00e4itenreissverschl\u00ebss<br \/>\nHosen mat elastescher Taille<br \/>\nHosen mat Faltendetailer op de Been<br \/>\nGanz elegant<\/p>\n<p>Faarf: schwaarz, Cr\u00e8me, Anthrazit, Marineblo.<\/p>","protected":false},"excerpt":{"rendered":"<p>Detailer Zwee-teile Kapuzenset Aus Oysho Modal Stoff Ganz bequem Kapuzen mat Rei\u00dfverschluss op de S\u00e4iten Hosen mat elastescher Taille Hosen mat Faltendetailer an de Been Ganz elegant Faarf, schwaarz, Cr\u00e8me, Anthrazit, Marineblo.<\/p>","protected":false},"featured_media":2587,"comment_status":"open","ping_status":"closed","template":"","meta":[],"product_brand":[],"product_cat":[15],"product_tag":[],"class_list":{"0":"post-2679","1":"product","2":"type-product","3":"status-publish","4":"has-post-thumbnail","6":"product_cat-tous-les-produits","8":"first","9":"instock","10":"taxable","11":"shipping-taxable","12":"purchasable","13":"product-type-variable"},"_links":{"self":[{"href":"https:\/\/kubraselegance.com\/lb\/wp-json\/wp\/v2\/product\/2679","targetHints":{"allow":["GET"]}}],"collection":[{"href":"https:\/\/kubraselegance.com\/lb\/wp-json\/wp\/v2\/product"}],"about":[{"href":"https:\/\/kubraselegance.com\/lb\/wp-json\/wp\/v2\/types\/product"}],"replies":[{"embeddable":true,"href":"https:\/\/kubraselegance.com\/lb\/wp-json\/wp\/v2\/comments?post=2679"}],"wp:featuredmedia":[{"embeddable":true,"href":"https:\/\/kubraselegance.com\/lb\/wp-json\/wp\/v2\/media\/2587"}],"wp:attachment":[{"href":"https:\/\/kubraselegance.com\/lb\/wp-json\/wp\/v2\/media?parent=2679"}],"wp:term":[{"taxonomy":"product_brand","embeddable":true,"href":"https:\/\/kubraselegance.com\/lb\/wp-json\/wp\/v2\/product_brand?post=2679"},{"taxonomy":"product_cat","embeddable":true,"href":"https:\/\/kubraselegance.com\/lb\/wp-json\/wp\/v2\/product_cat?post=2679"},{"taxonomy":"product_tag","embeddable":true,"href":"https:\/\/kubraselegance.com\/lb\/wp-json\/wp\/v2\/product_tag?post=2679"}],"curies":[{"name":"WordPress","href":"https:\/\/api.w.org\/{rel}","templated":true}]}}