{"id":2675,"date":"2025-11-24T02:39:38","date_gmt":"2025-11-23T23:39:38","guid":{"rendered":"https:\/\/kubraselegance.com\/?post_type=product&#038;p=2675"},"modified":"2025-11-24T02:39:52","modified_gmt":"2025-11-23T23:39:52","slug":"elegante-poncho","status":"publish","type":"product","link":"https:\/\/kubraselegance.com\/lb\/urun\/elegante-poncho\/","title":{"rendered":"elegante Poncho"},"content":{"rendered":"<p>Detailer<\/p>\n<p>D\u00ebse Poncho ass ganz elegant.<\/p>\n<p>Den Stoff ass vun h\u00e9ijer Qualit\u00e9it.<\/p>\n<p>De Rimm an der Taille g\u00ebtt dem Outfit en Touch vun Eleganz.<\/p>\n<p>.Marmor\u00e9iert Faarf, schwaarz, hellbrong, hellgro.<\/p>","protected":false},"excerpt":{"rendered":"<p>Detailer: D\u00ebse Poncho ass ganz stilvoll. D'Stoff ass vu h\u00e9ijer Qualit\u00e9it. De G\u00fcrtel um Taille f\u00fc\u00fcgt e Touch Eleganz derb\u00e4i. Faarwen: marmor\u00e9iert, schwaarz, hellbrong, hellgrau.<\/p>","protected":false},"featured_media":2595,"comment_status":"open","ping_status":"closed","template":"","meta":[],"product_brand":[],"product_cat":[15],"product_tag":[],"class_list":{"0":"post-2675","1":"product","2":"type-product","3":"status-publish","4":"has-post-thumbnail","6":"product_cat-tous-les-produits","8":"first","9":"instock","10":"taxable","11":"shipping-taxable","12":"purchasable","13":"product-type-variable"},"_links":{"self":[{"href":"https:\/\/kubraselegance.com\/lb\/wp-json\/wp\/v2\/product\/2675","targetHints":{"allow":["GET"]}}],"collection":[{"href":"https:\/\/kubraselegance.com\/lb\/wp-json\/wp\/v2\/product"}],"about":[{"href":"https:\/\/kubraselegance.com\/lb\/wp-json\/wp\/v2\/types\/product"}],"replies":[{"embeddable":true,"href":"https:\/\/kubraselegance.com\/lb\/wp-json\/wp\/v2\/comments?post=2675"}],"wp:featuredmedia":[{"embeddable":true,"href":"https:\/\/kubraselegance.com\/lb\/wp-json\/wp\/v2\/media\/2595"}],"wp:attachment":[{"href":"https:\/\/kubraselegance.com\/lb\/wp-json\/wp\/v2\/media?parent=2675"}],"wp:term":[{"taxonomy":"product_brand","embeddable":true,"href":"https:\/\/kubraselegance.com\/lb\/wp-json\/wp\/v2\/product_brand?post=2675"},{"taxonomy":"product_cat","embeddable":true,"href":"https:\/\/kubraselegance.com\/lb\/wp-json\/wp\/v2\/product_cat?post=2675"},{"taxonomy":"product_tag","embeddable":true,"href":"https:\/\/kubraselegance.com\/lb\/wp-json\/wp\/v2\/product_tag?post=2675"}],"curies":[{"name":"WordPress","href":"https:\/\/api.w.org\/{rel}","templated":true}]}}