{"id":2650,"date":"2025-11-24T02:14:00","date_gmt":"2025-11-23T23:14:00","guid":{"rendered":"https:\/\/kubraselegance.com\/?post_type=product&#038;p=2650"},"modified":"2025-11-24T02:14:00","modified_gmt":"2025-11-23T23:14:00","slug":"elegante-pullover-mat-engem-ronnen-hals-2","status":"publish","type":"product","link":"https:\/\/kubraselegance.com\/lb\/urun\/elegante-pullover-mat-engem-ronnen-hals-2\/","title":{"rendered":"Elegante Casual Pullover mat Rundhals"},"content":{"rendered":"<p>Detailer<\/p>\n<p>Laangt Kleed mat engem Hemdkragen an dekorativen Kn\u00e4ppercher<br \/>\nOpgekn\u00e4ppte \u00c4rmelen<br \/>\nSlot<\/p>\n<p>Perfekt fir alldeeglech Kleedung a speziell Occasiounen<\/p>\n<p>Ganz bequemen Stoff<\/p>\n<p>.w\u00e4iss, schwaarz Faarf<\/p>","protected":false},"excerpt":{"rendered":"<p>Detailer: Laangt Kleed mat engem Hemdkragen an dekorativen Kn\u00e4ppercher. \u00c4rmelen mat Kn\u00e4ppercher an engem R\u00e9ck. Schlitz. Perfekt fir all Dag an speziell Occasiounen. Ganz bequemen Stoff. A W\u00e4iss a Schwaarz verf\u00fcgbar.<\/p>","protected":false},"featured_media":2549,"comment_status":"open","ping_status":"closed","template":"","meta":[],"product_brand":[],"product_cat":[15],"product_tag":[],"class_list":{"0":"post-2650","1":"product","2":"type-product","3":"status-publish","4":"has-post-thumbnail","6":"product_cat-tous-les-produits","8":"first","9":"instock","10":"taxable","11":"shipping-taxable","12":"purchasable","13":"product-type-variable"},"_links":{"self":[{"href":"https:\/\/kubraselegance.com\/lb\/wp-json\/wp\/v2\/product\/2650","targetHints":{"allow":["GET"]}}],"collection":[{"href":"https:\/\/kubraselegance.com\/lb\/wp-json\/wp\/v2\/product"}],"about":[{"href":"https:\/\/kubraselegance.com\/lb\/wp-json\/wp\/v2\/types\/product"}],"replies":[{"embeddable":true,"href":"https:\/\/kubraselegance.com\/lb\/wp-json\/wp\/v2\/comments?post=2650"}],"wp:featuredmedia":[{"embeddable":true,"href":"https:\/\/kubraselegance.com\/lb\/wp-json\/wp\/v2\/media\/2549"}],"wp:attachment":[{"href":"https:\/\/kubraselegance.com\/lb\/wp-json\/wp\/v2\/media?parent=2650"}],"wp:term":[{"taxonomy":"product_brand","embeddable":true,"href":"https:\/\/kubraselegance.com\/lb\/wp-json\/wp\/v2\/product_brand?post=2650"},{"taxonomy":"product_cat","embeddable":true,"href":"https:\/\/kubraselegance.com\/lb\/wp-json\/wp\/v2\/product_cat?post=2650"},{"taxonomy":"product_tag","embeddable":true,"href":"https:\/\/kubraselegance.com\/lb\/wp-json\/wp\/v2\/product_tag?post=2650"}],"curies":[{"name":"WordPress","href":"https:\/\/api.w.org\/{rel}","templated":true}]}}