{"id":2632,"date":"2025-11-24T01:33:24","date_gmt":"2025-11-23T22:33:24","guid":{"rendered":"https:\/\/kubraselegance.com\/?post_type=product&#038;p=2632"},"modified":"2025-11-24T01:33:24","modified_gmt":"2025-11-23T22:33:24","slug":"laang-weste-2","status":"publish","type":"product","link":"https:\/\/kubraselegance.com\/lb\/urun\/laang-weste-2\/","title":{"rendered":"laang Weste"},"content":{"rendered":"<p>Detailer<\/p>\n<p>Laang Weste<br \/>\nH\u00e9ichw\u00e4ertege Stoff<br \/>\nKn\u00e4ppverschluss vir<br \/>\nIdeal fir Hierscht a Wanter.<\/p>\n<p>brong Faarf.<\/p>","protected":false},"excerpt":{"rendered":"<p>Detailer: Laangen Cardigan, h\u00e9ichw\u00e4ertegt Stoff, Kn\u00e4ppverschluss virun. Perfekt fir den Hierscht an de Wanter. Faarf: brong.<\/p>","protected":false},"featured_media":2544,"comment_status":"open","ping_status":"closed","template":"","meta":[],"product_brand":[],"product_cat":[44],"product_tag":[],"class_list":{"0":"post-2632","1":"product","2":"type-product","3":"status-publish","4":"has-post-thumbnail","6":"product_cat-women","8":"first","9":"instock","10":"taxable","11":"shipping-taxable","12":"purchasable","13":"product-type-variable"},"_links":{"self":[{"href":"https:\/\/kubraselegance.com\/lb\/wp-json\/wp\/v2\/product\/2632","targetHints":{"allow":["GET"]}}],"collection":[{"href":"https:\/\/kubraselegance.com\/lb\/wp-json\/wp\/v2\/product"}],"about":[{"href":"https:\/\/kubraselegance.com\/lb\/wp-json\/wp\/v2\/types\/product"}],"replies":[{"embeddable":true,"href":"https:\/\/kubraselegance.com\/lb\/wp-json\/wp\/v2\/comments?post=2632"}],"wp:featuredmedia":[{"embeddable":true,"href":"https:\/\/kubraselegance.com\/lb\/wp-json\/wp\/v2\/media\/2544"}],"wp:attachment":[{"href":"https:\/\/kubraselegance.com\/lb\/wp-json\/wp\/v2\/media?parent=2632"}],"wp:term":[{"taxonomy":"product_brand","embeddable":true,"href":"https:\/\/kubraselegance.com\/lb\/wp-json\/wp\/v2\/product_brand?post=2632"},{"taxonomy":"product_cat","embeddable":true,"href":"https:\/\/kubraselegance.com\/lb\/wp-json\/wp\/v2\/product_cat?post=2632"},{"taxonomy":"product_tag","embeddable":true,"href":"https:\/\/kubraselegance.com\/lb\/wp-json\/wp\/v2\/product_tag?post=2632"}],"curies":[{"name":"WordPress","href":"https:\/\/api.w.org\/{rel}","templated":true}]}}