{"id":2501,"date":"2025-11-21T23:25:02","date_gmt":"2025-11-21T20:25:02","guid":{"rendered":"https:\/\/kubraselegance.com\/?post_type=product&#038;p=2501"},"modified":"2025-11-21T23:25:02","modified_gmt":"2025-11-21T20:25:02","slug":"iki-takim-3","status":"publish","type":"product","link":"https:\/\/kubraselegance.com\/it\/urun\/iki-takim-3\/","title":{"rendered":"iki takim"},"content":{"rendered":"<p>Detaylar:<\/p>\n<p>- Yumu\u015fak, rahat esnek kuma\u015f<\/p>\n<p>- Bol kesim \u00fcst<\/p>\n<p>- Pantalone e ceplidir<\/p>\n<p>- G\u00fcnl\u00fck, i\u015f ve g\u00fcndelik kullan\u0131m i\u00e7in m\u00fckemmel<\/p>\n<p>- Kuma\u015f Oysho Modal'd\u0131r<\/p>","protected":false},"excerpt":{"rendered":"<p>Caratteristiche: - Yumu\u015fak, rahat esnek kuma\u015f - Bol kesim \u00fcst - D\u00fcz pantolon ve ceplidir - G\u00fcnl\u00fck, i\u015f ve g\u00fcndelik kullan\u0131m i\u00e7in m\u00fckemmel - Kuma\u015f Oysho Modal'd\u0131r<\/p>","protected":false},"featured_media":2507,"comment_status":"open","ping_status":"closed","template":"","meta":[],"product_brand":[],"product_cat":[44],"product_tag":[],"class_list":{"0":"post-2501","1":"product","2":"type-product","3":"status-publish","4":"has-post-thumbnail","6":"product_cat-women","8":"first","9":"instock","10":"taxable","11":"shipping-taxable","12":"purchasable","13":"product-type-variable"},"_links":{"self":[{"href":"https:\/\/kubraselegance.com\/it\/wp-json\/wp\/v2\/product\/2501","targetHints":{"allow":["GET"]}}],"collection":[{"href":"https:\/\/kubraselegance.com\/it\/wp-json\/wp\/v2\/product"}],"about":[{"href":"https:\/\/kubraselegance.com\/it\/wp-json\/wp\/v2\/types\/product"}],"replies":[{"embeddable":true,"href":"https:\/\/kubraselegance.com\/it\/wp-json\/wp\/v2\/comments?post=2501"}],"wp:featuredmedia":[{"embeddable":true,"href":"https:\/\/kubraselegance.com\/it\/wp-json\/wp\/v2\/media\/2507"}],"wp:attachment":[{"href":"https:\/\/kubraselegance.com\/it\/wp-json\/wp\/v2\/media?parent=2501"}],"wp:term":[{"taxonomy":"product_brand","embeddable":true,"href":"https:\/\/kubraselegance.com\/it\/wp-json\/wp\/v2\/product_brand?post=2501"},{"taxonomy":"product_cat","embeddable":true,"href":"https:\/\/kubraselegance.com\/it\/wp-json\/wp\/v2\/product_cat?post=2501"},{"taxonomy":"product_tag","embeddable":true,"href":"https:\/\/kubraselegance.com\/it\/wp-json\/wp\/v2\/product_tag?post=2501"}],"curies":[{"name":"wp","href":"https:\/\/api.w.org\/{rel}","templated":true}]}}