{"id":2764,"date":"2025-11-24T16:37:47","date_gmt":"2025-11-24T13:37:47","guid":{"rendered":"https:\/\/kubraselegance.com\/?post_type=product&#038;p=2764"},"modified":"2025-11-24T16:40:25","modified_gmt":"2025-11-24T13:40:25","slug":"juego-de-2-piezas-2","status":"publish","type":"product","link":"https:\/\/kubraselegance.com\/es\/urun\/juego-de-2-piezas-2\/","title":{"rendered":"juego de 2 piezas"},"content":{"rendered":"<p>Detalles<\/p>\n<p>Vestido largo de dos piezas<\/p>\n<p>Con capucha<\/p>\n<p>Bolsillo delantero<br \/>\nTejido suave de alta calidad<\/p>\n<p>Ideal para uso diario y ocasiones especiales<\/p>\n<p>C\u00f3modo<\/p>\n<p>.color,negro,azul marino<\/p>","protected":false},"excerpt":{"rendered":"<p>Detalles Maxi vestido de dos piezas Bolsillo delantero con capucha Tejido suave y de calidad Ideal para el d\u00eda a d\u00eda y ocasiones especiales C\u00f3modo .Color,negro,azul marino<\/p>","protected":false},"featured_media":2773,"comment_status":"open","ping_status":"closed","template":"","meta":[],"product_brand":[],"product_cat":[44],"product_tag":[],"class_list":{"0":"post-2764","1":"product","2":"type-product","3":"status-publish","4":"has-post-thumbnail","6":"product_cat-women","8":"first","9":"instock","10":"taxable","11":"shipping-taxable","12":"purchasable","13":"product-type-variable"},"_links":{"self":[{"href":"https:\/\/kubraselegance.com\/es\/wp-json\/wp\/v2\/product\/2764","targetHints":{"allow":["GET"]}}],"collection":[{"href":"https:\/\/kubraselegance.com\/es\/wp-json\/wp\/v2\/product"}],"about":[{"href":"https:\/\/kubraselegance.com\/es\/wp-json\/wp\/v2\/types\/product"}],"replies":[{"embeddable":true,"href":"https:\/\/kubraselegance.com\/es\/wp-json\/wp\/v2\/comments?post=2764"}],"wp:featuredmedia":[{"embeddable":true,"href":"https:\/\/kubraselegance.com\/es\/wp-json\/wp\/v2\/media\/2773"}],"wp:attachment":[{"href":"https:\/\/kubraselegance.com\/es\/wp-json\/wp\/v2\/media?parent=2764"}],"wp:term":[{"taxonomy":"product_brand","embeddable":true,"href":"https:\/\/kubraselegance.com\/es\/wp-json\/wp\/v2\/product_brand?post=2764"},{"taxonomy":"product_cat","embeddable":true,"href":"https:\/\/kubraselegance.com\/es\/wp-json\/wp\/v2\/product_cat?post=2764"},{"taxonomy":"product_tag","embeddable":true,"href":"https:\/\/kubraselegance.com\/es\/wp-json\/wp\/v2\/product_tag?post=2764"}],"curies":[{"name":"wp","href":"https:\/\/api.w.org\/{rel}","templated":true}]}}