{"id":2760,"date":"2025-11-24T15:57:13","date_gmt":"2025-11-24T12:57:13","guid":{"rendered":"https:\/\/kubraselegance.com\/?post_type=product&#038;p=2760"},"modified":"2025-11-24T15:57:13","modified_gmt":"2025-11-24T12:57:13","slug":"gabardina-2","status":"publish","type":"product","link":"https:\/\/kubraselegance.com\/es\/urun\/gabardina-2\/","title":{"rendered":"gabardina"},"content":{"rendered":"<p>Detalles<\/p>\n<p>Gabardina<br \/>\nTejido confortable<br \/>\nBotones en hombros y mangas<br \/>\nCintur\u00f3n<br \/>\nBolsillos<\/p>\n<p>Ideal para uso diario y ocasiones especiales<\/p>\n<p>color, marr\u00f3n<\/p>","protected":false},"excerpt":{"rendered":"<p>Detalles Chaquet\u00f3n Tejido c\u00f3modo Botones en hombros y mangas Cintur\u00f3n Bolsillos Ideal para el d\u00eda a d\u00eda o para ocasiones especiales Color, marr\u00f3n<\/p>","protected":false},"featured_media":0,"comment_status":"open","ping_status":"closed","template":"","meta":[],"product_brand":[],"product_cat":[15],"product_tag":[],"class_list":{"0":"post-2760","1":"product","2":"type-product","3":"status-publish","5":"product_cat-tous-les-produits","7":"first","8":"instock","9":"taxable","10":"shipping-taxable","11":"purchasable","12":"product-type-variable"},"_links":{"self":[{"href":"https:\/\/kubraselegance.com\/es\/wp-json\/wp\/v2\/product\/2760","targetHints":{"allow":["GET"]}}],"collection":[{"href":"https:\/\/kubraselegance.com\/es\/wp-json\/wp\/v2\/product"}],"about":[{"href":"https:\/\/kubraselegance.com\/es\/wp-json\/wp\/v2\/types\/product"}],"replies":[{"embeddable":true,"href":"https:\/\/kubraselegance.com\/es\/wp-json\/wp\/v2\/comments?post=2760"}],"wp:attachment":[{"href":"https:\/\/kubraselegance.com\/es\/wp-json\/wp\/v2\/media?parent=2760"}],"wp:term":[{"taxonomy":"product_brand","embeddable":true,"href":"https:\/\/kubraselegance.com\/es\/wp-json\/wp\/v2\/product_brand?post=2760"},{"taxonomy":"product_cat","embeddable":true,"href":"https:\/\/kubraselegance.com\/es\/wp-json\/wp\/v2\/product_cat?post=2760"},{"taxonomy":"product_tag","embeddable":true,"href":"https:\/\/kubraselegance.com\/es\/wp-json\/wp\/v2\/product_tag?post=2760"}],"curies":[{"name":"wp","href":"https:\/\/api.w.org\/{rel}","templated":true}]}}