{"id":2737,"date":"2025-11-24T04:04:36","date_gmt":"2025-11-24T01:04:36","guid":{"rendered":"https:\/\/kubraselegance.com\/?post_type=product&#038;p=2737"},"modified":"2025-11-24T04:04:36","modified_gmt":"2025-11-24T01:04:36","slug":"gabardina-larga","status":"publish","type":"product","link":"https:\/\/kubraselegance.com\/es\/urun\/gabardina-larga\/","title":{"rendered":"gabardina larga"},"content":{"rendered":"<p>Detalles<\/p>\n<p>Gabardina lisa<br \/>\nTejido impermeable<br \/>\nTejido de alta calidad<br \/>\nBolsillos<br \/>\nMangas anchas y el\u00e1sticas<br \/>\nAdecuado para uso diario y ocasiones especiales<\/p>\n<p>color,crema,azul marino,marr\u00f3n claro<\/p>","protected":false},"excerpt":{"rendered":"<p>Detalles Gabardina lisa Tejido impermeable Tejido de alta calidad Bolsillos Mangas anchas y el\u00e1sticas Adecuada para el d\u00eda a d\u00eda y ocasiones especiales Color,crema,azul marino,marr\u00f3n claro<\/p>","protected":false},"featured_media":2741,"comment_status":"open","ping_status":"closed","template":"","meta":[],"product_brand":[],"product_cat":[44],"product_tag":[],"class_list":{"0":"post-2737","1":"product","2":"type-product","3":"status-publish","4":"has-post-thumbnail","6":"product_cat-women","8":"first","9":"instock","10":"taxable","11":"shipping-taxable","12":"purchasable","13":"product-type-variable"},"_links":{"self":[{"href":"https:\/\/kubraselegance.com\/es\/wp-json\/wp\/v2\/product\/2737","targetHints":{"allow":["GET"]}}],"collection":[{"href":"https:\/\/kubraselegance.com\/es\/wp-json\/wp\/v2\/product"}],"about":[{"href":"https:\/\/kubraselegance.com\/es\/wp-json\/wp\/v2\/types\/product"}],"replies":[{"embeddable":true,"href":"https:\/\/kubraselegance.com\/es\/wp-json\/wp\/v2\/comments?post=2737"}],"wp:featuredmedia":[{"embeddable":true,"href":"https:\/\/kubraselegance.com\/es\/wp-json\/wp\/v2\/media\/2741"}],"wp:attachment":[{"href":"https:\/\/kubraselegance.com\/es\/wp-json\/wp\/v2\/media?parent=2737"}],"wp:term":[{"taxonomy":"product_brand","embeddable":true,"href":"https:\/\/kubraselegance.com\/es\/wp-json\/wp\/v2\/product_brand?post=2737"},{"taxonomy":"product_cat","embeddable":true,"href":"https:\/\/kubraselegance.com\/es\/wp-json\/wp\/v2\/product_cat?post=2737"},{"taxonomy":"product_tag","embeddable":true,"href":"https:\/\/kubraselegance.com\/es\/wp-json\/wp\/v2\/product_tag?post=2737"}],"curies":[{"name":"wp","href":"https:\/\/api.w.org\/{rel}","templated":true}]}}