{"id":2711,"date":"2025-11-24T03:22:14","date_gmt":"2025-11-24T00:22:14","guid":{"rendered":"https:\/\/kubraselegance.com\/?post_type=product&#038;p=2711"},"modified":"2025-11-24T03:22:14","modified_gmt":"2025-11-24T00:22:14","slug":"pantalones-cortos","status":"publish","type":"product","link":"https:\/\/kubraselegance.com\/es\/urun\/pantalones-cortos\/","title":{"rendered":"pantalones cortos"},"content":{"rendered":"<p>Detalles<\/p>\n<p>Pantalones cortos<br \/>\nCintura el\u00e1stica<br \/>\nBotones decorativos<br \/>\nPlanchado innecesario<br \/>\nTejido confortable<\/p>\n<p>color, negro, crema, azul marino, antracita<\/p>","protected":false},"excerpt":{"rendered":"<p>Detalles Pantal\u00f3n corto Cintura el\u00e1stica Botones decorativos Sin plancha Tejido c\u00f3modo Color, negro, crema, azul marino, antracita<\/p>","protected":false},"featured_media":2576,"comment_status":"open","ping_status":"closed","template":"","meta":[],"product_brand":[],"product_cat":[15],"product_tag":[],"class_list":{"0":"post-2711","1":"product","2":"type-product","3":"status-publish","4":"has-post-thumbnail","6":"product_cat-tous-les-produits","8":"first","9":"instock","10":"taxable","11":"shipping-taxable","12":"purchasable","13":"product-type-variable"},"_links":{"self":[{"href":"https:\/\/kubraselegance.com\/es\/wp-json\/wp\/v2\/product\/2711","targetHints":{"allow":["GET"]}}],"collection":[{"href":"https:\/\/kubraselegance.com\/es\/wp-json\/wp\/v2\/product"}],"about":[{"href":"https:\/\/kubraselegance.com\/es\/wp-json\/wp\/v2\/types\/product"}],"replies":[{"embeddable":true,"href":"https:\/\/kubraselegance.com\/es\/wp-json\/wp\/v2\/comments?post=2711"}],"wp:featuredmedia":[{"embeddable":true,"href":"https:\/\/kubraselegance.com\/es\/wp-json\/wp\/v2\/media\/2576"}],"wp:attachment":[{"href":"https:\/\/kubraselegance.com\/es\/wp-json\/wp\/v2\/media?parent=2711"}],"wp:term":[{"taxonomy":"product_brand","embeddable":true,"href":"https:\/\/kubraselegance.com\/es\/wp-json\/wp\/v2\/product_brand?post=2711"},{"taxonomy":"product_cat","embeddable":true,"href":"https:\/\/kubraselegance.com\/es\/wp-json\/wp\/v2\/product_cat?post=2711"},{"taxonomy":"product_tag","embeddable":true,"href":"https:\/\/kubraselegance.com\/es\/wp-json\/wp\/v2\/product_tag?post=2711"}],"curies":[{"name":"wp","href":"https:\/\/api.w.org\/{rel}","templated":true}]}}