{"id":2702,"date":"2025-11-24T03:12:43","date_gmt":"2025-11-24T00:12:43","guid":{"rendered":"https:\/\/kubraselegance.com\/?post_type=product&#038;p=2702"},"modified":"2025-11-24T03:12:43","modified_gmt":"2025-11-24T00:12:43","slug":"pantalones-anchos-2","status":"publish","type":"product","link":"https:\/\/kubraselegance.com\/es\/urun\/pantalones-anchos-2\/","title":{"rendered":"pantalones anchos"},"content":{"rendered":"<p>Detalles<\/p>\n<p>Pantalones anchos<\/p>\n<p>Muy c\u00f3modo gracias a su cintura el\u00e1stica<\/p>\n<p>Tejido: Oy\u015fho Modal<\/p>\n<p>color, negro,crema<\/p>","protected":false},"excerpt":{"rendered":"<p>Detalles Pantal\u00f3n de pierna ancha Muy c\u00f3modo con cintura el\u00e1stica Tejido: Oy\u015fho Modal color, negro,crema.<\/p>","protected":false},"featured_media":2563,"comment_status":"open","ping_status":"closed","template":"","meta":[],"product_brand":[],"product_cat":[15],"product_tag":[],"class_list":{"0":"post-2702","1":"product","2":"type-product","3":"status-publish","4":"has-post-thumbnail","6":"product_cat-tous-les-produits","8":"first","9":"instock","10":"taxable","11":"shipping-taxable","12":"purchasable","13":"product-type-variable"},"_links":{"self":[{"href":"https:\/\/kubraselegance.com\/es\/wp-json\/wp\/v2\/product\/2702","targetHints":{"allow":["GET"]}}],"collection":[{"href":"https:\/\/kubraselegance.com\/es\/wp-json\/wp\/v2\/product"}],"about":[{"href":"https:\/\/kubraselegance.com\/es\/wp-json\/wp\/v2\/types\/product"}],"replies":[{"embeddable":true,"href":"https:\/\/kubraselegance.com\/es\/wp-json\/wp\/v2\/comments?post=2702"}],"wp:featuredmedia":[{"embeddable":true,"href":"https:\/\/kubraselegance.com\/es\/wp-json\/wp\/v2\/media\/2563"}],"wp:attachment":[{"href":"https:\/\/kubraselegance.com\/es\/wp-json\/wp\/v2\/media?parent=2702"}],"wp:term":[{"taxonomy":"product_brand","embeddable":true,"href":"https:\/\/kubraselegance.com\/es\/wp-json\/wp\/v2\/product_brand?post=2702"},{"taxonomy":"product_cat","embeddable":true,"href":"https:\/\/kubraselegance.com\/es\/wp-json\/wp\/v2\/product_cat?post=2702"},{"taxonomy":"product_tag","embeddable":true,"href":"https:\/\/kubraselegance.com\/es\/wp-json\/wp\/v2\/product_tag?post=2702"}],"curies":[{"name":"wp","href":"https:\/\/api.w.org\/{rel}","templated":true}]}}