{"id":2692,"date":"2025-11-24T03:01:02","date_gmt":"2025-11-24T00:01:02","guid":{"rendered":"https:\/\/kubraselegance.com\/?post_type=product&#038;p=2692"},"modified":"2025-11-24T03:04:31","modified_gmt":"2025-11-24T00:04:31","slug":"pantalones-anchos","status":"publish","type":"product","link":"https:\/\/kubraselegance.com\/es\/urun\/pantalones-anchos\/","title":{"rendered":"pantalones anchos"},"content":{"rendered":"<p>Detalles<\/p>\n<p>El tejido es muy c\u00f3modo y tiene cintura el\u00e1stica.<\/p>\n<p>Pantal\u00f3n de pata ancha con bolsillos.<\/p>\n<p>Jean muy bien.<\/p>\n<p>color, negro,azul<\/p>","protected":false},"excerpt":{"rendered":"<p>Detalles El tejido es muy c\u00f3modo y tiene la cintura el\u00e1stica. Pantal\u00f3n de pierna ancha con bolsillos. Pantal\u00f3n vaquero muy entallado. color, negro,azul<\/p>","protected":false},"featured_media":2561,"comment_status":"open","ping_status":"closed","template":"","meta":[],"product_brand":[],"product_cat":[44],"product_tag":[],"class_list":{"0":"post-2692","1":"product","2":"type-product","3":"status-publish","4":"has-post-thumbnail","6":"product_cat-women","8":"first","9":"instock","10":"taxable","11":"shipping-taxable","12":"purchasable","13":"product-type-variable"},"_links":{"self":[{"href":"https:\/\/kubraselegance.com\/es\/wp-json\/wp\/v2\/product\/2692","targetHints":{"allow":["GET"]}}],"collection":[{"href":"https:\/\/kubraselegance.com\/es\/wp-json\/wp\/v2\/product"}],"about":[{"href":"https:\/\/kubraselegance.com\/es\/wp-json\/wp\/v2\/types\/product"}],"replies":[{"embeddable":true,"href":"https:\/\/kubraselegance.com\/es\/wp-json\/wp\/v2\/comments?post=2692"}],"wp:featuredmedia":[{"embeddable":true,"href":"https:\/\/kubraselegance.com\/es\/wp-json\/wp\/v2\/media\/2561"}],"wp:attachment":[{"href":"https:\/\/kubraselegance.com\/es\/wp-json\/wp\/v2\/media?parent=2692"}],"wp:term":[{"taxonomy":"product_brand","embeddable":true,"href":"https:\/\/kubraselegance.com\/es\/wp-json\/wp\/v2\/product_brand?post=2692"},{"taxonomy":"product_cat","embeddable":true,"href":"https:\/\/kubraselegance.com\/es\/wp-json\/wp\/v2\/product_cat?post=2692"},{"taxonomy":"product_tag","embeddable":true,"href":"https:\/\/kubraselegance.com\/es\/wp-json\/wp\/v2\/product_tag?post=2692"}],"curies":[{"name":"wp","href":"https:\/\/api.w.org\/{rel}","templated":true}]}}