{"id":2679,"date":"2025-11-24T02:50:21","date_gmt":"2025-11-23T23:50:21","guid":{"rendered":"https:\/\/kubraselegance.com\/?post_type=product&#038;p=2679"},"modified":"2025-11-24T02:50:21","modified_gmt":"2025-11-23T23:50:21","slug":"juego-de-sudaderas","status":"publish","type":"product","link":"https:\/\/kubraselegance.com\/es\/urun\/juego-de-sudaderas\/","title":{"rendered":"juego de sudaderas"},"content":{"rendered":"<p>Detalles<\/p>\n<p>Conjunto de dos piezas con capucha<br \/>\nFabricado con tejido Oysho Modal<br \/>\nMuy c\u00f3modo<br \/>\nCapucha con cremallera lateral<br \/>\nPantal\u00f3n con cintura el\u00e1stica<br \/>\nPantal\u00f3n con detalle plisado en la pernera<br \/>\nMuy elegante<\/p>\n<p>color, negro, crema, antracita, azul marino.<\/p>","protected":false},"excerpt":{"rendered":"<p>Detalles Conjunto de dos piezas con capucha Confeccionado en tejido Oysho Modal Muy c\u00f3modo Capucha con cremallera lateral Pantal\u00f3n con cintura el\u00e1stica Pantal\u00f3n con detalle plisado en las piernas Color muy elegante, negro, crema, antracita, azul marino.<\/p>","protected":false},"featured_media":2587,"comment_status":"open","ping_status":"closed","template":"","meta":[],"product_brand":[],"product_cat":[15],"product_tag":[],"class_list":{"0":"post-2679","1":"product","2":"type-product","3":"status-publish","4":"has-post-thumbnail","6":"product_cat-tous-les-produits","8":"first","9":"instock","10":"taxable","11":"shipping-taxable","12":"purchasable","13":"product-type-variable"},"_links":{"self":[{"href":"https:\/\/kubraselegance.com\/es\/wp-json\/wp\/v2\/product\/2679","targetHints":{"allow":["GET"]}}],"collection":[{"href":"https:\/\/kubraselegance.com\/es\/wp-json\/wp\/v2\/product"}],"about":[{"href":"https:\/\/kubraselegance.com\/es\/wp-json\/wp\/v2\/types\/product"}],"replies":[{"embeddable":true,"href":"https:\/\/kubraselegance.com\/es\/wp-json\/wp\/v2\/comments?post=2679"}],"wp:featuredmedia":[{"embeddable":true,"href":"https:\/\/kubraselegance.com\/es\/wp-json\/wp\/v2\/media\/2587"}],"wp:attachment":[{"href":"https:\/\/kubraselegance.com\/es\/wp-json\/wp\/v2\/media?parent=2679"}],"wp:term":[{"taxonomy":"product_brand","embeddable":true,"href":"https:\/\/kubraselegance.com\/es\/wp-json\/wp\/v2\/product_brand?post=2679"},{"taxonomy":"product_cat","embeddable":true,"href":"https:\/\/kubraselegance.com\/es\/wp-json\/wp\/v2\/product_cat?post=2679"},{"taxonomy":"product_tag","embeddable":true,"href":"https:\/\/kubraselegance.com\/es\/wp-json\/wp\/v2\/product_tag?post=2679"}],"curies":[{"name":"wp","href":"https:\/\/api.w.org\/{rel}","templated":true}]}}