{"id":2658,"date":"2025-11-24T02:26:05","date_gmt":"2025-11-23T23:26:05","guid":{"rendered":"https:\/\/kubraselegance.com\/?post_type=product&#038;p=2658"},"modified":"2025-11-24T02:28:01","modified_gmt":"2025-11-23T23:28:01","slug":"vestido-largo","status":"publish","type":"product","link":"https:\/\/kubraselegance.com\/es\/urun\/vestido-largo\/","title":{"rendered":"vestido largo"},"content":{"rendered":"<p>Detalles<\/p>\n<p>Vestido largo, cuello redondo, cintur\u00f3n<\/p>\n<p>Tejido c\u00f3modo y elegante<\/p>\n<p>.negro, antracita, marr\u00f3n claro.<\/p>","protected":false},"excerpt":{"rendered":"<p>Detalles Vestido largo, cuello redondo, cintur\u00f3n en la cintura Tejido c\u00f3modo y elegante. Negro, antracita, marr\u00f3n claro.<\/p>","protected":false},"featured_media":2558,"comment_status":"open","ping_status":"closed","template":"","meta":[],"product_brand":[],"product_cat":[15],"product_tag":[],"class_list":{"0":"post-2658","1":"product","2":"type-product","3":"status-publish","4":"has-post-thumbnail","6":"product_cat-tous-les-produits","8":"first","9":"instock","10":"taxable","11":"shipping-taxable","12":"purchasable","13":"product-type-variable"},"_links":{"self":[{"href":"https:\/\/kubraselegance.com\/es\/wp-json\/wp\/v2\/product\/2658","targetHints":{"allow":["GET"]}}],"collection":[{"href":"https:\/\/kubraselegance.com\/es\/wp-json\/wp\/v2\/product"}],"about":[{"href":"https:\/\/kubraselegance.com\/es\/wp-json\/wp\/v2\/types\/product"}],"replies":[{"embeddable":true,"href":"https:\/\/kubraselegance.com\/es\/wp-json\/wp\/v2\/comments?post=2658"}],"wp:featuredmedia":[{"embeddable":true,"href":"https:\/\/kubraselegance.com\/es\/wp-json\/wp\/v2\/media\/2558"}],"wp:attachment":[{"href":"https:\/\/kubraselegance.com\/es\/wp-json\/wp\/v2\/media?parent=2658"}],"wp:term":[{"taxonomy":"product_brand","embeddable":true,"href":"https:\/\/kubraselegance.com\/es\/wp-json\/wp\/v2\/product_brand?post=2658"},{"taxonomy":"product_cat","embeddable":true,"href":"https:\/\/kubraselegance.com\/es\/wp-json\/wp\/v2\/product_cat?post=2658"},{"taxonomy":"product_tag","embeddable":true,"href":"https:\/\/kubraselegance.com\/es\/wp-json\/wp\/v2\/product_tag?post=2658"}],"curies":[{"name":"wp","href":"https:\/\/api.w.org\/{rel}","templated":true}]}}