{"id":2650,"date":"2025-11-24T02:14:00","date_gmt":"2025-11-23T23:14:00","guid":{"rendered":"https:\/\/kubraselegance.com\/?post_type=product&#038;p=2650"},"modified":"2025-11-24T02:14:00","modified_gmt":"2025-11-23T23:14:00","slug":"elegante-jersey-de-cuello-redondo-2","status":"publish","type":"product","link":"https:\/\/kubraselegance.com\/es\/urun\/elegante-jersey-de-cuello-redondo-2\/","title":{"rendered":"elegante jersey casual de cuello redondo"},"content":{"rendered":"<p>Detalles<\/p>\n<p>Vestido largo con cuello camisero y botones decorativos<br \/>\nMangas con pu\u00f1os abotonados<br \/>\nRanura<\/p>\n<p>Perfecto para el d\u00eda a d\u00eda y para ocasiones especiales<\/p>\n<p>Tejido muy c\u00f3modo<\/p>\n<p>.color blanco, negro<\/p>","protected":false},"excerpt":{"rendered":"<p>Detalles Vestido largo con cuello camisero y botones decorativos Mangas con pu\u00f1o abotonado Abertura Perfecto para el d\u00eda a d\u00eda y ocasiones especiales Tejido muy c\u00f3modo .Color blanco, negro<\/p>","protected":false},"featured_media":2549,"comment_status":"open","ping_status":"closed","template":"","meta":[],"product_brand":[],"product_cat":[15],"product_tag":[],"class_list":{"0":"post-2650","1":"product","2":"type-product","3":"status-publish","4":"has-post-thumbnail","6":"product_cat-tous-les-produits","8":"first","9":"instock","10":"taxable","11":"shipping-taxable","12":"purchasable","13":"product-type-variable"},"_links":{"self":[{"href":"https:\/\/kubraselegance.com\/es\/wp-json\/wp\/v2\/product\/2650","targetHints":{"allow":["GET"]}}],"collection":[{"href":"https:\/\/kubraselegance.com\/es\/wp-json\/wp\/v2\/product"}],"about":[{"href":"https:\/\/kubraselegance.com\/es\/wp-json\/wp\/v2\/types\/product"}],"replies":[{"embeddable":true,"href":"https:\/\/kubraselegance.com\/es\/wp-json\/wp\/v2\/comments?post=2650"}],"wp:featuredmedia":[{"embeddable":true,"href":"https:\/\/kubraselegance.com\/es\/wp-json\/wp\/v2\/media\/2549"}],"wp:attachment":[{"href":"https:\/\/kubraselegance.com\/es\/wp-json\/wp\/v2\/media?parent=2650"}],"wp:term":[{"taxonomy":"product_brand","embeddable":true,"href":"https:\/\/kubraselegance.com\/es\/wp-json\/wp\/v2\/product_brand?post=2650"},{"taxonomy":"product_cat","embeddable":true,"href":"https:\/\/kubraselegance.com\/es\/wp-json\/wp\/v2\/product_cat?post=2650"},{"taxonomy":"product_tag","embeddable":true,"href":"https:\/\/kubraselegance.com\/es\/wp-json\/wp\/v2\/product_tag?post=2650"}],"curies":[{"name":"wp","href":"https:\/\/api.w.org\/{rel}","templated":true}]}}