{"id":2607,"date":"2025-11-24T00:32:02","date_gmt":"2025-11-23T21:32:02","guid":{"rendered":"https:\/\/kubraselegance.com\/?post_type=product&#038;p=2607"},"modified":"2025-11-24T00:33:59","modified_gmt":"2025-11-23T21:33:59","slug":"2-parcali-set","status":"publish","type":"product","link":"https:\/\/kubraselegance.com\/es\/urun\/2-parcali-set\/","title":{"rendered":"2 par\u00e7al\u0131 set"},"content":{"rendered":"<p>detalle<\/p>\n<p>t\u0131ssu el\u00e1stico suave y c\u00f3modo<\/p>\n<p>- Top suelto<\/p>\n<p>- Pantal\u00f3n recto con cintura el\u00e1stica<\/p>\n<p>- Ideal para el d\u00eda a d\u00eda, el trabajo y las salidas informales<\/p>\n<p>- Tejido: Oysho Modal<\/p>\n<p>.color marr\u00f3n<\/p>","protected":false},"excerpt":{"rendered":"<p>Suave y c\u00f3modo detalle de t\u0131ssu el\u00e1stico - Top holgado - Pantal\u00f3n recto con cintura el\u00e1stica - Ideal para el d\u00eda a d\u00eda, el trabajo y las salidas informales - Tejido: Oysho Modal .color marr\u00f3n<\/p>","protected":false},"featured_media":2512,"comment_status":"open","ping_status":"closed","template":"","meta":[],"product_brand":[],"product_cat":[76,44],"product_tag":[],"class_list":{"0":"post-2607","1":"product","2":"type-product","3":"status-publish","4":"has-post-thumbnail","6":"product_cat-ensemble-de-2-pieces","7":"product_cat-women","9":"first","10":"instock","11":"taxable","12":"shipping-taxable","13":"purchasable","14":"product-type-variable"},"_links":{"self":[{"href":"https:\/\/kubraselegance.com\/es\/wp-json\/wp\/v2\/product\/2607","targetHints":{"allow":["GET"]}}],"collection":[{"href":"https:\/\/kubraselegance.com\/es\/wp-json\/wp\/v2\/product"}],"about":[{"href":"https:\/\/kubraselegance.com\/es\/wp-json\/wp\/v2\/types\/product"}],"replies":[{"embeddable":true,"href":"https:\/\/kubraselegance.com\/es\/wp-json\/wp\/v2\/comments?post=2607"}],"wp:featuredmedia":[{"embeddable":true,"href":"https:\/\/kubraselegance.com\/es\/wp-json\/wp\/v2\/media\/2512"}],"wp:attachment":[{"href":"https:\/\/kubraselegance.com\/es\/wp-json\/wp\/v2\/media?parent=2607"}],"wp:term":[{"taxonomy":"product_brand","embeddable":true,"href":"https:\/\/kubraselegance.com\/es\/wp-json\/wp\/v2\/product_brand?post=2607"},{"taxonomy":"product_cat","embeddable":true,"href":"https:\/\/kubraselegance.com\/es\/wp-json\/wp\/v2\/product_cat?post=2607"},{"taxonomy":"product_tag","embeddable":true,"href":"https:\/\/kubraselegance.com\/es\/wp-json\/wp\/v2\/product_tag?post=2607"}],"curies":[{"name":"wp","href":"https:\/\/api.w.org\/{rel}","templated":true}]}}