{"id":2486,"date":"2025-11-21T22:14:50","date_gmt":"2025-11-21T19:14:50","guid":{"rendered":"https:\/\/kubraselegance.com\/?post_type=product&#038;p=2486"},"modified":"2025-11-21T22:27:02","modified_gmt":"2025-11-21T19:27:02","slug":"iki-takim","status":"publish","type":"product","link":"https:\/\/kubraselegance.com\/es\/urun\/iki-takim\/","title":{"rendered":"\u0130ki takim"},"content":{"rendered":"<p>Detaylar:<\/p>\n<p>&nbsp;<\/p>\n<p>L\u00fcks, yumu\u015fak Oysho kuma\u015f<br \/>\nRahat kesimli d\u00fcz pantolon<br \/>\nM\u00fctevaz\u0131, zarif ve s\u00fcper rahat<br \/>\nG\u00fcnl\u00fck, i\u015f, seyahat ve g\u00fcnl\u00fck \u015f\u0131kl\u0131k i\u00e7in m\u00fckemmel<\/p>","protected":false},"excerpt":{"rendered":"<p>Detalles: Tela suave de lujo Oysho Pantalones rectos de corte c\u00f3modo Modesto, elegante y s\u00faper c\u00f3modo Perfecto para uso diario, trabajo, viajes y estilo casual<\/p>","protected":false},"featured_media":2479,"comment_status":"open","ping_status":"closed","template":"","meta":[],"product_brand":[],"product_cat":[44],"product_tag":[],"class_list":{"0":"post-2486","1":"product","2":"type-product","3":"status-publish","4":"has-post-thumbnail","6":"product_cat-women","8":"first","9":"instock","10":"taxable","11":"shipping-taxable","12":"purchasable","13":"product-type-variable"},"_links":{"self":[{"href":"https:\/\/kubraselegance.com\/es\/wp-json\/wp\/v2\/product\/2486","targetHints":{"allow":["GET"]}}],"collection":[{"href":"https:\/\/kubraselegance.com\/es\/wp-json\/wp\/v2\/product"}],"about":[{"href":"https:\/\/kubraselegance.com\/es\/wp-json\/wp\/v2\/types\/product"}],"replies":[{"embeddable":true,"href":"https:\/\/kubraselegance.com\/es\/wp-json\/wp\/v2\/comments?post=2486"}],"wp:featuredmedia":[{"embeddable":true,"href":"https:\/\/kubraselegance.com\/es\/wp-json\/wp\/v2\/media\/2479"}],"wp:attachment":[{"href":"https:\/\/kubraselegance.com\/es\/wp-json\/wp\/v2\/media?parent=2486"}],"wp:term":[{"taxonomy":"product_brand","embeddable":true,"href":"https:\/\/kubraselegance.com\/es\/wp-json\/wp\/v2\/product_brand?post=2486"},{"taxonomy":"product_cat","embeddable":true,"href":"https:\/\/kubraselegance.com\/es\/wp-json\/wp\/v2\/product_cat?post=2486"},{"taxonomy":"product_tag","embeddable":true,"href":"https:\/\/kubraselegance.com\/es\/wp-json\/wp\/v2\/product_tag?post=2486"}],"curies":[{"name":"wp","href":"https:\/\/api.w.org\/{rel}","templated":true}]}}