{"id":2650,"date":"2025-11-24T02:14:00","date_gmt":"2025-11-23T23:14:00","guid":{"rendered":"https:\/\/kubraselegance.com\/?post_type=product&#038;p=2650"},"modified":"2025-11-24T02:14:00","modified_gmt":"2025-11-23T23:14:00","slug":"eleganter-pullover-mit-rundhalsausschnitt-2","status":"publish","type":"product","link":"https:\/\/kubraselegance.com\/de\/urun\/eleganter-pullover-mit-rundhalsausschnitt-2\/","title":{"rendered":"eleganter, l\u00e4ssiger Pullover mit Rundhalsausschnitt"},"content":{"rendered":"<p>Details<\/p>\n<p>Langes Kleid mit Hemdkragen und Zierkn\u00f6pfen<br \/>\nGekn\u00f6pfte Revers\u00e4rmel<br \/>\nSchlitz<\/p>\n<p>Perfekt f\u00fcr den Alltag und besondere Anl\u00e4sse<\/p>\n<p>Sehr bequemer Stoff<\/p>\n<p>.Farbe wei\u00df, schwarz<\/p>","protected":false},"excerpt":{"rendered":"<p>Details Langes Kleid mit Hemdkragen und Zierkn\u00f6pfen Gekn\u00f6pfte Revers\u00e4rmel Schlitz Perfekt f\u00fcr den Alltag und besondere Anl\u00e4sse Sehr bequemer Stoff .Farbe wei\u00df, schwarz<\/p>","protected":false},"featured_media":2549,"comment_status":"open","ping_status":"closed","template":"","meta":[],"product_brand":[],"product_cat":[15],"product_tag":[],"class_list":{"0":"post-2650","1":"product","2":"type-product","3":"status-publish","4":"has-post-thumbnail","6":"product_cat-tous-les-produits","8":"first","9":"instock","10":"taxable","11":"shipping-taxable","12":"purchasable","13":"product-type-variable"},"_links":{"self":[{"href":"https:\/\/kubraselegance.com\/de\/wp-json\/wp\/v2\/product\/2650","targetHints":{"allow":["GET"]}}],"collection":[{"href":"https:\/\/kubraselegance.com\/de\/wp-json\/wp\/v2\/product"}],"about":[{"href":"https:\/\/kubraselegance.com\/de\/wp-json\/wp\/v2\/types\/product"}],"replies":[{"embeddable":true,"href":"https:\/\/kubraselegance.com\/de\/wp-json\/wp\/v2\/comments?post=2650"}],"wp:featuredmedia":[{"embeddable":true,"href":"https:\/\/kubraselegance.com\/de\/wp-json\/wp\/v2\/media\/2549"}],"wp:attachment":[{"href":"https:\/\/kubraselegance.com\/de\/wp-json\/wp\/v2\/media?parent=2650"}],"wp:term":[{"taxonomy":"product_brand","embeddable":true,"href":"https:\/\/kubraselegance.com\/de\/wp-json\/wp\/v2\/product_brand?post=2650"},{"taxonomy":"product_cat","embeddable":true,"href":"https:\/\/kubraselegance.com\/de\/wp-json\/wp\/v2\/product_cat?post=2650"},{"taxonomy":"product_tag","embeddable":true,"href":"https:\/\/kubraselegance.com\/de\/wp-json\/wp\/v2\/product_tag?post=2650"}],"curies":[{"name":"wp","href":"https:\/\/api.w.org\/{rel}","templated":true}]}}