{"id":2764,"date":"2025-11-24T16:37:47","date_gmt":"2025-11-24T13:37:47","guid":{"rendered":"https:\/\/kubraselegance.com\/?post_type=product&#038;p=2764"},"modified":"2025-11-24T16:40:25","modified_gmt":"2025-11-24T13:40:25","slug":"saet-af-2-stk-2","status":"publish","type":"product","link":"https:\/\/kubraselegance.com\/da\/urun\/saet-af-2-stk-2\/","title":{"rendered":"s\u00e6t af 2 stk."},"content":{"rendered":"<p>Detaljer<\/p>\n<p>Lang kjole i to dele<\/p>\n<p>Med h\u00e6tte<\/p>\n<p>Lomme foran<br \/>\nBl\u00f8dt stof af h\u00f8j kvalitet<\/p>\n<p>Ideel til hverdagsbrug og s\u00e6rlige lejligheder<\/p>\n<p>Komfortabel<\/p>\n<p>.farve,sort,marinebl\u00e5<\/p>","protected":false},"excerpt":{"rendered":"<p>Detaljer Todelt maxikjole Lomme med h\u00e6tte foran Bl\u00f8dt kvalitetsstof Ideel til hverdagsbrug og s\u00e6rlige lejligheder Komfortabel .farve,sort,marinebl\u00e5<\/p>","protected":false},"featured_media":2773,"comment_status":"open","ping_status":"closed","template":"","meta":[],"product_brand":[],"product_cat":[44],"product_tag":[],"class_list":{"0":"post-2764","1":"product","2":"type-product","3":"status-publish","4":"has-post-thumbnail","6":"product_cat-women","8":"first","9":"instock","10":"taxable","11":"shipping-taxable","12":"purchasable","13":"product-type-variable"},"_links":{"self":[{"href":"https:\/\/kubraselegance.com\/da\/wp-json\/wp\/v2\/product\/2764","targetHints":{"allow":["GET"]}}],"collection":[{"href":"https:\/\/kubraselegance.com\/da\/wp-json\/wp\/v2\/product"}],"about":[{"href":"https:\/\/kubraselegance.com\/da\/wp-json\/wp\/v2\/types\/product"}],"replies":[{"embeddable":true,"href":"https:\/\/kubraselegance.com\/da\/wp-json\/wp\/v2\/comments?post=2764"}],"wp:featuredmedia":[{"embeddable":true,"href":"https:\/\/kubraselegance.com\/da\/wp-json\/wp\/v2\/media\/2773"}],"wp:attachment":[{"href":"https:\/\/kubraselegance.com\/da\/wp-json\/wp\/v2\/media?parent=2764"}],"wp:term":[{"taxonomy":"product_brand","embeddable":true,"href":"https:\/\/kubraselegance.com\/da\/wp-json\/wp\/v2\/product_brand?post=2764"},{"taxonomy":"product_cat","embeddable":true,"href":"https:\/\/kubraselegance.com\/da\/wp-json\/wp\/v2\/product_cat?post=2764"},{"taxonomy":"product_tag","embeddable":true,"href":"https:\/\/kubraselegance.com\/da\/wp-json\/wp\/v2\/product_tag?post=2764"}],"curies":[{"name":"wp","href":"https:\/\/api.w.org\/{rel}","templated":true}]}}