{"id":2728,"date":"2025-11-24T03:34:15","date_gmt":"2025-11-24T00:34:15","guid":{"rendered":"https:\/\/kubraselegance.com\/?post_type=product&#038;p=2728"},"modified":"2025-11-24T03:34:15","modified_gmt":"2025-11-24T00:34:15","slug":"trenchcoat","status":"publish","type":"product","link":"https:\/\/kubraselegance.com\/da\/urun\/trenchcoat\/","title":{"rendered":"trenchcoat"},"content":{"rendered":"<p>Detaljer<\/p>\n<p>Trenchcoat<br \/>\nBehageligt stof<br \/>\nKnaplukning<br \/>\nTaljeb\u00e6lte<br \/>\nLommer<\/p>\n<p>Denne model er lige s\u00e5 velegnet til hverdagsbrug som til s\u00e6rlige lejligheder.<\/p>\n<p>Farve, sort, beige<\/p>","protected":false},"excerpt":{"rendered":"<p>Detaljer Trenchcoat Behageligt stof Knaplukning B\u00e6lte i taljen Lommer Denne model er velegnet til b\u00e5de hverdagsbrug og s\u00e6rlige lejligheder. Farve: sort, beige<\/p>","protected":false},"featured_media":2596,"comment_status":"open","ping_status":"closed","template":"","meta":[],"product_brand":[],"product_cat":[15],"product_tag":[],"class_list":{"0":"post-2728","1":"product","2":"type-product","3":"status-publish","4":"has-post-thumbnail","6":"product_cat-tous-les-produits","8":"first","9":"instock","10":"taxable","11":"shipping-taxable","12":"purchasable","13":"product-type-variable"},"_links":{"self":[{"href":"https:\/\/kubraselegance.com\/da\/wp-json\/wp\/v2\/product\/2728","targetHints":{"allow":["GET"]}}],"collection":[{"href":"https:\/\/kubraselegance.com\/da\/wp-json\/wp\/v2\/product"}],"about":[{"href":"https:\/\/kubraselegance.com\/da\/wp-json\/wp\/v2\/types\/product"}],"replies":[{"embeddable":true,"href":"https:\/\/kubraselegance.com\/da\/wp-json\/wp\/v2\/comments?post=2728"}],"wp:featuredmedia":[{"embeddable":true,"href":"https:\/\/kubraselegance.com\/da\/wp-json\/wp\/v2\/media\/2596"}],"wp:attachment":[{"href":"https:\/\/kubraselegance.com\/da\/wp-json\/wp\/v2\/media?parent=2728"}],"wp:term":[{"taxonomy":"product_brand","embeddable":true,"href":"https:\/\/kubraselegance.com\/da\/wp-json\/wp\/v2\/product_brand?post=2728"},{"taxonomy":"product_cat","embeddable":true,"href":"https:\/\/kubraselegance.com\/da\/wp-json\/wp\/v2\/product_cat?post=2728"},{"taxonomy":"product_tag","embeddable":true,"href":"https:\/\/kubraselegance.com\/da\/wp-json\/wp\/v2\/product_tag?post=2728"}],"curies":[{"name":"wp","href":"https:\/\/api.w.org\/{rel}","templated":true}]}}