{"id":2679,"date":"2025-11-24T02:50:21","date_gmt":"2025-11-23T23:50:21","guid":{"rendered":"https:\/\/kubraselegance.com\/?post_type=product&#038;p=2679"},"modified":"2025-11-24T02:50:21","modified_gmt":"2025-11-23T23:50:21","slug":"haettetroje-saet","status":"publish","type":"product","link":"https:\/\/kubraselegance.com\/da\/urun\/haettetroje-saet\/","title":{"rendered":"H\u00e6ttetr\u00f8je-s\u00e6t"},"content":{"rendered":"<p>Detaljer<\/p>\n<p>To-delt s\u00e6t med h\u00e6tte<br \/>\nFremstillet af Oysho Modal-stof<br \/>\nMeget behagelig<br \/>\nH\u00e6tte med lynl\u00e5s i siden<br \/>\nBukser med elastisk linning<br \/>\nBukser med plisserede ben<br \/>\nMeget elegant<\/p>\n<p>farve, sort, creme, antracit, marinebl\u00e5.<\/p>","protected":false},"excerpt":{"rendered":"<p>Detaljer Todelt s\u00e6t med h\u00e6tte Fremstillet af Oysho Modal-stof Meget behagelig H\u00e6tte med lynl\u00e5s i siden Bukser med elastisk talje Bukser med plisseret detalje p\u00e5 benene Meget elegant farve, sort, creme, antracit, marinebl\u00e5.<\/p>","protected":false},"featured_media":2587,"comment_status":"open","ping_status":"closed","template":"","meta":[],"product_brand":[],"product_cat":[15],"product_tag":[],"class_list":{"0":"post-2679","1":"product","2":"type-product","3":"status-publish","4":"has-post-thumbnail","6":"product_cat-tous-les-produits","8":"first","9":"instock","10":"taxable","11":"shipping-taxable","12":"purchasable","13":"product-type-variable"},"_links":{"self":[{"href":"https:\/\/kubraselegance.com\/da\/wp-json\/wp\/v2\/product\/2679","targetHints":{"allow":["GET"]}}],"collection":[{"href":"https:\/\/kubraselegance.com\/da\/wp-json\/wp\/v2\/product"}],"about":[{"href":"https:\/\/kubraselegance.com\/da\/wp-json\/wp\/v2\/types\/product"}],"replies":[{"embeddable":true,"href":"https:\/\/kubraselegance.com\/da\/wp-json\/wp\/v2\/comments?post=2679"}],"wp:featuredmedia":[{"embeddable":true,"href":"https:\/\/kubraselegance.com\/da\/wp-json\/wp\/v2\/media\/2587"}],"wp:attachment":[{"href":"https:\/\/kubraselegance.com\/da\/wp-json\/wp\/v2\/media?parent=2679"}],"wp:term":[{"taxonomy":"product_brand","embeddable":true,"href":"https:\/\/kubraselegance.com\/da\/wp-json\/wp\/v2\/product_brand?post=2679"},{"taxonomy":"product_cat","embeddable":true,"href":"https:\/\/kubraselegance.com\/da\/wp-json\/wp\/v2\/product_cat?post=2679"},{"taxonomy":"product_tag","embeddable":true,"href":"https:\/\/kubraselegance.com\/da\/wp-json\/wp\/v2\/product_tag?post=2679"}],"curies":[{"name":"wp","href":"https:\/\/api.w.org\/{rel}","templated":true}]}}