{"id":2630,"date":"2025-11-24T01:21:10","date_gmt":"2025-11-23T22:21:10","guid":{"rendered":"https:\/\/kubraselegance.com\/?post_type=product&#038;p=2630"},"modified":"2025-11-24T01:21:10","modified_gmt":"2025-11-23T22:21:10","slug":"saet-af-2-stk","status":"publish","type":"product","link":"https:\/\/kubraselegance.com\/da\/urun\/saet-af-2-stk\/","title":{"rendered":"2-delt s\u00e6t"},"content":{"rendered":"<p>Detaljer<\/p>\n<p>S\u00e6t med nederdel og rullekrave i to dele<\/p>\n<p>Meget behagelig at have p\u00e5, nederdelen har en elastisk linning<\/p>\n<p>Merceriseret stof<\/p>\n<p>St\u00f8rrelserne S, M og L<\/p>\n<p>.Sort med gr\u00e5 striber.<\/p>","protected":false},"excerpt":{"rendered":"<p>Detaljer Todelt s\u00e6t best\u00e5ende af nederdel og rullekrave Meget behagelig at have p\u00e5, nederdelen har elastik i taljen Merceriseret stof St\u00f8rrelser S, M og L .farve sort med gr\u00e5 striber.<\/p>","protected":false},"featured_media":2541,"comment_status":"open","ping_status":"closed","template":"","meta":[],"product_brand":[],"product_cat":[71,44],"product_tag":[],"class_list":{"0":"post-2630","1":"product","2":"type-product","3":"status-publish","4":"has-post-thumbnail","6":"product_cat-ensemble-deux-pieces","7":"product_cat-women","9":"first","10":"instock","11":"taxable","12":"shipping-taxable","13":"purchasable","14":"product-type-variable"},"_links":{"self":[{"href":"https:\/\/kubraselegance.com\/da\/wp-json\/wp\/v2\/product\/2630","targetHints":{"allow":["GET"]}}],"collection":[{"href":"https:\/\/kubraselegance.com\/da\/wp-json\/wp\/v2\/product"}],"about":[{"href":"https:\/\/kubraselegance.com\/da\/wp-json\/wp\/v2\/types\/product"}],"replies":[{"embeddable":true,"href":"https:\/\/kubraselegance.com\/da\/wp-json\/wp\/v2\/comments?post=2630"}],"wp:featuredmedia":[{"embeddable":true,"href":"https:\/\/kubraselegance.com\/da\/wp-json\/wp\/v2\/media\/2541"}],"wp:attachment":[{"href":"https:\/\/kubraselegance.com\/da\/wp-json\/wp\/v2\/media?parent=2630"}],"wp:term":[{"taxonomy":"product_brand","embeddable":true,"href":"https:\/\/kubraselegance.com\/da\/wp-json\/wp\/v2\/product_brand?post=2630"},{"taxonomy":"product_cat","embeddable":true,"href":"https:\/\/kubraselegance.com\/da\/wp-json\/wp\/v2\/product_cat?post=2630"},{"taxonomy":"product_tag","embeddable":true,"href":"https:\/\/kubraselegance.com\/da\/wp-json\/wp\/v2\/product_tag?post=2630"}],"curies":[{"name":"wp","href":"https:\/\/api.w.org\/{rel}","templated":true}]}}