{"id":2619,"date":"2025-11-24T01:02:12","date_gmt":"2025-11-23T22:02:12","guid":{"rendered":"https:\/\/kubraselegance.com\/?post_type=product&#038;p=2619"},"modified":"2025-11-24T01:02:12","modified_gmt":"2025-11-23T22:02:12","slug":"haettetroje-3","status":"publish","type":"product","link":"https:\/\/kubraselegance.com\/da\/urun\/haettetroje-3\/","title":{"rendered":"H\u00e6ttetr\u00f8je"},"content":{"rendered":"<p>Detaljer<\/p>\n<p>Denne h\u00e6ttetr\u00f8je er lavet af bl\u00f8dt stof i h\u00f8j kvalitet.<\/p>\n<p>Den har h\u00e6tte og lommer foran.<\/p>\n<p>.hvid farve.<\/p>","protected":false},"excerpt":{"rendered":"<p>Detaljer Denne h\u00e6ttetr\u00f8je er lavet af et bl\u00f8dt stof i h\u00f8j kvalitet. Den har h\u00e6tte og lommer foran. Farve hvid.<\/p>","protected":false},"featured_media":2538,"comment_status":"open","ping_status":"closed","template":"","meta":[],"product_brand":[],"product_cat":[78,44],"product_tag":[],"class_list":{"0":"post-2619","1":"product","2":"type-product","3":"status-publish","4":"has-post-thumbnail","6":"product_cat-sweat-a-capuche","7":"product_cat-women","9":"first","10":"instock","11":"taxable","12":"shipping-taxable","13":"purchasable","14":"product-type-variable"},"_links":{"self":[{"href":"https:\/\/kubraselegance.com\/da\/wp-json\/wp\/v2\/product\/2619","targetHints":{"allow":["GET"]}}],"collection":[{"href":"https:\/\/kubraselegance.com\/da\/wp-json\/wp\/v2\/product"}],"about":[{"href":"https:\/\/kubraselegance.com\/da\/wp-json\/wp\/v2\/types\/product"}],"replies":[{"embeddable":true,"href":"https:\/\/kubraselegance.com\/da\/wp-json\/wp\/v2\/comments?post=2619"}],"wp:featuredmedia":[{"embeddable":true,"href":"https:\/\/kubraselegance.com\/da\/wp-json\/wp\/v2\/media\/2538"}],"wp:attachment":[{"href":"https:\/\/kubraselegance.com\/da\/wp-json\/wp\/v2\/media?parent=2619"}],"wp:term":[{"taxonomy":"product_brand","embeddable":true,"href":"https:\/\/kubraselegance.com\/da\/wp-json\/wp\/v2\/product_brand?post=2619"},{"taxonomy":"product_cat","embeddable":true,"href":"https:\/\/kubraselegance.com\/da\/wp-json\/wp\/v2\/product_cat?post=2619"},{"taxonomy":"product_tag","embeddable":true,"href":"https:\/\/kubraselegance.com\/da\/wp-json\/wp\/v2\/product_tag?post=2619"}],"curies":[{"name":"wp","href":"https:\/\/api.w.org\/{rel}","templated":true}]}}