{"id":2611,"date":"2025-11-24T00:51:39","date_gmt":"2025-11-23T21:51:39","guid":{"rendered":"https:\/\/kubraselegance.com\/?post_type=product&#038;p=2611"},"modified":"2025-11-24T00:51:39","modified_gmt":"2025-11-23T21:51:39","slug":"haettetroje","status":"publish","type":"product","link":"https:\/\/kubraselegance.com\/da\/urun\/haettetroje\/","title":{"rendered":"H\u00e6ttetr\u00f8je"},"content":{"rendered":"<p>Detaljer<\/p>\n<p>Denne h\u00e6ttetr\u00f8je er lavet af bl\u00f8dt stof i h\u00f8j kvalitet.<\/p>\n<p>Den har h\u00e6tte og lommer foran.<\/p>\n<p>.farve sort.<\/p>","protected":false},"excerpt":{"rendered":"<p>Detaljer Denne h\u00e6ttetr\u00f8je er lavet af et bl\u00f8dt stof i h\u00f8j kvalitet. Den har h\u00e6tte og lommer foran. Farve sort.<\/p>","protected":false},"featured_media":2537,"comment_status":"open","ping_status":"closed","template":"","meta":[],"product_brand":[],"product_cat":[78,44],"product_tag":[],"class_list":{"0":"post-2611","1":"product","2":"type-product","3":"status-publish","4":"has-post-thumbnail","6":"product_cat-sweat-a-capuche","7":"product_cat-women","9":"first","10":"instock","11":"taxable","12":"shipping-taxable","13":"purchasable","14":"product-type-variable"},"_links":{"self":[{"href":"https:\/\/kubraselegance.com\/da\/wp-json\/wp\/v2\/product\/2611","targetHints":{"allow":["GET"]}}],"collection":[{"href":"https:\/\/kubraselegance.com\/da\/wp-json\/wp\/v2\/product"}],"about":[{"href":"https:\/\/kubraselegance.com\/da\/wp-json\/wp\/v2\/types\/product"}],"replies":[{"embeddable":true,"href":"https:\/\/kubraselegance.com\/da\/wp-json\/wp\/v2\/comments?post=2611"}],"wp:featuredmedia":[{"embeddable":true,"href":"https:\/\/kubraselegance.com\/da\/wp-json\/wp\/v2\/media\/2537"}],"wp:attachment":[{"href":"https:\/\/kubraselegance.com\/da\/wp-json\/wp\/v2\/media?parent=2611"}],"wp:term":[{"taxonomy":"product_brand","embeddable":true,"href":"https:\/\/kubraselegance.com\/da\/wp-json\/wp\/v2\/product_brand?post=2611"},{"taxonomy":"product_cat","embeddable":true,"href":"https:\/\/kubraselegance.com\/da\/wp-json\/wp\/v2\/product_cat?post=2611"},{"taxonomy":"product_tag","embeddable":true,"href":"https:\/\/kubraselegance.com\/da\/wp-json\/wp\/v2\/product_tag?post=2611"}],"curies":[{"name":"wp","href":"https:\/\/api.w.org\/{rel}","templated":true}]}}