{"id":2607,"date":"2025-11-24T00:32:02","date_gmt":"2025-11-23T21:32:02","guid":{"rendered":"https:\/\/kubraselegance.com\/?post_type=product&#038;p=2607"},"modified":"2025-11-24T00:33:59","modified_gmt":"2025-11-23T21:33:59","slug":"2-parcali-saet","status":"publish","type":"product","link":"https:\/\/kubraselegance.com\/da\/urun\/2-parcali-saet\/","title":{"rendered":"2 par\u00e7al\u0131-s\u00e6t"},"content":{"rendered":"<p>detalje<\/p>\n<p>bl\u00f8d og behagelig t\u0131ssu-stretch<\/p>\n<p>- L\u00f8s top<\/p>\n<p>- Bukser med lige ben og elastik i taljen<\/p>\n<p>- Ideel til hverdagsbrug, arbejde og afslappede udflugter<\/p>\n<p>- Stof: Oysho Modal<\/p>\n<p>.brun farve<\/p>","protected":false},"excerpt":{"rendered":"<p>Bl\u00f8d og behagelig t\u0131ssu-detalje med stretch - L\u00f8s top - Lige bukser med elastik i taljen - Ideel til hverdagsbrug, arbejde og afslappede udflugter - Stof: Oysho Modal .brun farve<\/p>","protected":false},"featured_media":2512,"comment_status":"open","ping_status":"closed","template":"","meta":[],"product_brand":[],"product_cat":[76,44],"product_tag":[],"class_list":{"0":"post-2607","1":"product","2":"type-product","3":"status-publish","4":"has-post-thumbnail","6":"product_cat-ensemble-de-2-pieces","7":"product_cat-women","9":"first","10":"instock","11":"taxable","12":"shipping-taxable","13":"purchasable","14":"product-type-variable"},"_links":{"self":[{"href":"https:\/\/kubraselegance.com\/da\/wp-json\/wp\/v2\/product\/2607","targetHints":{"allow":["GET"]}}],"collection":[{"href":"https:\/\/kubraselegance.com\/da\/wp-json\/wp\/v2\/product"}],"about":[{"href":"https:\/\/kubraselegance.com\/da\/wp-json\/wp\/v2\/types\/product"}],"replies":[{"embeddable":true,"href":"https:\/\/kubraselegance.com\/da\/wp-json\/wp\/v2\/comments?post=2607"}],"wp:featuredmedia":[{"embeddable":true,"href":"https:\/\/kubraselegance.com\/da\/wp-json\/wp\/v2\/media\/2512"}],"wp:attachment":[{"href":"https:\/\/kubraselegance.com\/da\/wp-json\/wp\/v2\/media?parent=2607"}],"wp:term":[{"taxonomy":"product_brand","embeddable":true,"href":"https:\/\/kubraselegance.com\/da\/wp-json\/wp\/v2\/product_brand?post=2607"},{"taxonomy":"product_cat","embeddable":true,"href":"https:\/\/kubraselegance.com\/da\/wp-json\/wp\/v2\/product_cat?post=2607"},{"taxonomy":"product_tag","embeddable":true,"href":"https:\/\/kubraselegance.com\/da\/wp-json\/wp\/v2\/product_tag?post=2607"}],"curies":[{"name":"wp","href":"https:\/\/api.w.org\/{rel}","templated":true}]}}